{"id":171,"date":"2024-06-05T09:10:21","date_gmt":"2024-06-05T09:10:21","guid":{"rendered":"https:\/\/blog.yoopies.pl\/opiekunka-do-dziecka\/porady-dla-rodzicow-i-nian\/urlop-macierzynski-tacierzynski\/urlop-ojcowski\/"},"modified":"2025-03-27T08:57:30","modified_gmt":"2025-03-27T08:57:30","slug":"urlop-ojcowski","status":"publish","type":"page","link":"https:\/\/yoopies.pl\/c\/urlop-ojcowski\/","title":{"rendered":"Urlop ojcowski | Ile wynosi, ile p\u0142atny i kiedy z\u0142o\u017cy\u0107 wniosek"},"content":{"rendered":"<p><p>Urlop ojcowski jest jednym z najcz\u0119\u015bciej poruszanych zagadnie\u0144 w kontek\u015bcie wsp&oacute;\u0142czesnego rodzicielstwa, z uwagi na coraz wi\u0119kszy odsetek ojc&oacute;w chc\u0105cych uczestniczy\u0107 w \u017cyciu niemowl\u0105t. W niniejszym artykule przyjrzymy si\u0119 najcz\u0119\u015bciej zadawanym pytaniom dotycz\u0105cym urlopu ojcowskiego, warunkom jego przyznawania, d\u0142ugo\u015bci trwania i wysoko\u015bci.<\/p>\n<\/p>\n<figure><img decoding=\"async\" src=\"https:\/\/yoopies.pl\/c\/wp-content\/uploads\/sites\/2\/2024\/06\/zktjdcol0zci9smp-urlopojcowskiwniosek2cilepc582atny20242025.jpg\" \/><\/figure>\n<p><a class=\"button\" href=\"https:\/\/yoopies.pl\/niania\">Szukam opiekunki do dziecka | Sprawd\u017a profile nia\u0144 w okolicy<\/a><\/p>\n<ul>\n<li>Czym jest urlop ojcowski zgodnie z Kodeksem pracy?<\/li>\n<\/ul>\n<p>Urlop ojcowski stanowi jedno z uprawnie\u0144 rodzicielskich, zwi\u0105zanych ze stosunkiem pracy, kt&oacute;re reguluj\u0105 zapisy Kodeksu pracy. <strong>Uprawnienie cz\u0119sto mylone jest z <a href=\"https:\/\/yoopies.pl\/c\/opiekunka-do-dziecka\/porady-dla-rodzicow-i-nian\/urlop-macierzynski-tacierzynski\/urlop-tacierzynski\">urlopem tacierzy\u0144skim<\/a>, jednak te dwa rodzaje urlopu s\u0105 od siebie niezale\u017cne. <\/strong>Dowiedz si\u0119 wi\u0119cej na temat <a href=\"https:\/\/yoopies.pl\/c\/opiekunka-do-dziecka\/porady-dla-rodzicow-i-nian\/urlop-macierzynski-tacierzynski\/urlop-tacierzynski-a-urlop-ojcowski\">r&oacute;\u017cnic mi\u0119dzy urlopem ojcowskim a urlopem tacierzy\u0144skim<\/a>.<\/p>\n<ul>\n<li>Jaki jest g\u0142&oacute;wny cel urlopu ojcowskiego?<\/li>\n<\/ul>\n<p>Zgodnie z informacj\u0105 zawart\u0105 w Kodeksie pracy, <strong>urlop ojcowski jest prawem pracownika tj. ojca do 2. tygodni wolnego w celu sprawowania opieki nad dzieckiem.<\/strong> <\/p>\n<p>Kodeks pracy stwierdza: &bdquo;Pracownik &ndash; ojciec wychowuj\u0105cy dziecko ma prawo do urlopu ojcowskiego&rdquo;<\/p>\n<p>Powi\u0105zane artyku\u0142y:<br \/>\n<a href=\"https:\/\/yoopies.pl\/c\/opiekunka-do-dziecka\/porady-dla-rodzicow-i-nian\/urlop-macierzynski-tacierzynski\/urlop-macierzynski-a-umowa-o-prace-zlecenie-dzielo\">Urlop macierzy\u0144ski a rodzaj podpisanej umowy<\/a><br \/>\n<a href=\"https:\/\/yoopies.pl\/c\/zasilek-rodzinny\">Zasi\u0142ek rodzinny<\/a><\/p>\n<h2>Komu przys\u0142uguje urlop ojcowski w 2024\/2025 roku?<\/h2>\n<p>Urlop ojcowski przys\u0142uguje tylko i wy\u0142\u0105cznie ojcu dziecka (dotyczy tak\u017ce ojca adopcyjnego) i w przeciwie\u0144stwie do urlopu tacierzy\u0144skiego nie mo\u017ce by\u0107 przekazany na matk\u0119 lub wykorzystany po\u0142owicznie. Warunkiem przyznania urlopu jest pozostawanie w stosunku pracy tj. zatrudnienie na podstawie:<\/p>\n<ul>\n<li>umowy o prac\u0119;<\/li>\n<li>powo\u0142ania;<\/li>\n<li>wyboru lub mianowania;<\/li>\n<li>sp&oacute;\u0142dzielczej umowy o prac\u0119.<\/li>\n<\/ul>\n<p>oraz op\u0142acanie sk\u0142adki na ubezpieczenie chorobowe. Urlop ojcowski nie przys\u0142uguje ojcu pozbawionemu praw rodzicielskich oraz osobom mieszkaj\u0105cym daleko od dziecka i nieutrzymuj\u0105cym kontaktu.<\/p>\n<p>Co warto wiedzie\u0107, aby skorzysta\u0107 z urlopu ojcowskiego nie ma konieczno\u015bci zawierania zwi\u0105zku ma\u0142\u017ce\u0144skiego z partnerem.<\/p>\n<h3>Czy niewykorzystany urlop ojcowski mo\u017cna ponownie wykorzysta\u0107?<\/h3>\n<p>Niestety nie. Niewykorzystany urlop przepada. Prawo do wykorzystania urlopu nie przechodzi tak\u017ce na matk\u0119 dziecka.<\/p>\n<h2>Ile trwa urlop ojcowski 2024?<\/h2>\n<p>W 2024 roku urlop trwa przez dwa tygodnie kalendarzowe obejmuj\u0105c soboty i niedziele. Innymi s\u0142owy trwa 10 dni roboczych.<\/p>\n<ul>\n<li>Czy urlop ojcowski mo\u017cna podzieli\u0107 na kilka cz\u0119\u015bci?<\/li>\n<\/ul>\n<p>Tak, podzia\u0142 urlopu na cz\u0119\u015bci jest mo\u017cliwy. Zamiast wykorzystania urlopu ojcowskiego przez 14 dni, urlop mo\u017ce zosta\u0107 wykorzystany w dw&oacute;ch, r&oacute;wnych cz\u0119\u015bciach po 7 dni.<\/p>\n<h3>Do kiedy nale\u017cy wykorzysta\u0107 urlop?<\/h3>\n<p>Urlop ojcowski nale\u017cy wykorzysta\u0107 do uko\u0144czenia przez dziecko 12. miesi\u0105ca \u017cycia lub up\u0142ywu&nbsp;12 miesi\u0119cy&nbsp;od dnia uprawomocnienia si\u0119 postanowienia orzekaj\u0105cego o przysposobieniu dziecka, jednak nie d\u0142u\u017cej ni\u017c do uko\u0144czenia przez dziecko 14 roku \u017cycia.<\/p>\n<\/p>\n<p><h2>Ile p\u0142atny jest urlop ojcowski?<\/h2>\n<p>Za czas przebywania na urlopie ojcowskim przys\u0142uguje wynagrodzenie w postaci zasi\u0142ku. \u015awiadczenie wynosi 100% podstawy wymiary. <\/p>\n<p>Podstawa wymiaru zasi\u0142ku stanowi \u015brednie wynagrodzenie ojca z ostatnich 12 miesi\u0119cy kalendarzowych.<\/p>\n<ul>\n<li>Kto wyp\u0142aca wynagrodzenie za czas przebywania na urlopie ojcowskim?<\/li>\n<\/ul>\n<p>Zasi\u0142ek wyp\u0142acany jest przez Zak\u0142ad Ubezpiecze\u0144 Spo\u0142ecznych.<\/p>\n<h2>Wz&oacute;r wniosku o urlop ojcowski<\/h2>\n<p>Poni\u017cej przedstawiamy wz&oacute;r wniosku o udzielenie urlopu ojcowskiego przez pracodawc\u0119<\/p>\n<p class=\"block-img\"><img decoding=\"async\" src=\"https:\/\/yoopies.pl\/c\/wp-content\/uploads\/sites\/2\/2024\/06\/999038f3-f7be-4b1a-a7a2-739970d5d402_Urlopojcowski.jpg\" alt=\"Wniosek o udzielenie urlopu ojcowskiego w 2023 roku\"><\/p>\n<p>Jakie informacje powinny znale\u017a\u0107 si\u0119 we wniosku o urlop ojcowski<\/p>\n<p>Przyk\u0142adowy wniosek o udzielenie urlopu powinien zawiera\u0107 elementy, takie jak:<\/p>\n<ul>\n<li>Dane osobowe osoby wnioskuj\u0105cej (imi\u0119, nazwisko, adres, PESEL);<\/li>\n<li>Dane pracodawcy (nazwa firmy lub instytucji, numer telefonu);<\/li>\n<li>Termin rozpocz\u0119cia urlopu i okres trwania;<\/li>\n<li>Zobowi\u0105zanie co co przekazania niezb\u0119dnych dokument&oacute;w;<\/li>\n<li>Podpis, data.<\/li>\n<\/ul>\n<h3>Kiedy najlepiej z\u0142o\u017cy\u0107 wniosek o urlop ojcowski?<\/h3>\n<p>Urlop ojcowski jest udzielany na wniosek z\u0142o\u017cony przez pracownika w formie papierowej b\u0105d\u017a elektronicznej <strong>nie p&oacute;\u017aniej ni\u017c 7 dni przed dniem rozpocz\u0119cia urlopu.<\/strong><\/p>\n<h2>Urlop ojcowski a urlop tacierzy\u0144ski | Podobie\u0144stwa i r&oacute;\u017cnice<\/h2>\n<p><a href=\"https:\/\/yoopies.pl\/c\/opiekunka-do-dziecka\/porady-dla-rodzicow-i-nian\/urlop-macierzynski-tacierzynski\/urlop-tacierzynski-a-urlop-ojcowski\">Urlop tacierzy\u0144ski i urlop ojcowski<\/a> stanowi\u0105 dwa, r&oacute;\u017cne rodzaje urlop&oacute;w zwi\u0105zane z opiek\u0105 nad dzieckiem, przyznawane w okresie po narodzinach dziecka lub po adopcji. <\/p>\n<ul>\n<li>Urlop ojcowski wynosi 2 tygodnie<strong> <\/strong>i jest udzielany niezale\u017cnie od urlopu tacierzy\u0144skiego.<\/li>\n<li>Urlop tacierzy\u0144ski stanowi cz\u0119\u015b\u0107 <a href=\"https:\/\/yoopies.pl\/c\/opiekunka-do-dziecka\/porady-dla-rodzicow-i-nian\/urlop-macierzynski-tacierzynski\/urlop-macierzynski\">urlopu macierzy\u0144skiego<\/a>, kt&oacute;ra zosta\u0142a niewykorzystana przez matk\u0119.<\/li>\n<\/ul>\n<p>Wa\u017cne! Urlop ojcowski jest przyznawany w celu sprawowania osobistej opieki nad dzieckiem. Ojciec, kt&oacute;remu urlop zosta\u0142 przyznany nie mo\u017ce stara\u0107 si\u0119 o wsparcie w opiece nad dzieckiem podczas trwania urlopu np. poprzez szukanie opiekunki do dziecka.<\/p>\n<\/p>\n<p><h2>Cz\u0119sto zadawane pytania<\/h2>\n<ul>\n<li>Czy mog\u0119 cofn\u0105\u0107 wniosek o udzielenie urlopu ojcowskiego?<\/li>\n<\/ul>\n<p>Tak, pracownik mo\u017ce wycofa\u0107 wniosek o udzielenie urlopu, jednak tylko za zgod\u0105 pracodawcy.<\/p>\n<ul>\n<li>Czy urlop ojcowski jest dost\u0119pny tylko dla ojc&oacute;w biologicznych?<\/li>\n<\/ul>\n<p>Nie ma znaczenia, czy osoba ubiegaj\u0105ca si\u0119 o urlop ojcowski jest biologicznym ojcem dziecka czy te\u017c adoptowa\u0142a dziecko. Dodatkowo nie jest istotne, czy rodzice pozostaj\u0105 w ma\u0142\u017ce\u0144stwie. Warunkiem kluczowym jest zaanga\u017cowanie w opiek\u0119 nad dzieckiem podczas przyznanego urlopu.<\/p>\n<ul>\n<li>Czy urlop ojcowski mo\u017cna zacz\u0105\u0107 od soboty lub niedzieli?<\/li>\n<\/ul>\n<p>Nie znaczenie, w kt&oacute;rym dniu tygodnia rozpoczyna si\u0119 urlop ojcowski. Pracownik mo\u017ce rozpocz\u0105\u0107 urlop w dowolnym dniu tygodnia np. sobot\u0119 lub niedziel\u0119, nale\u017cy jednak pami\u0119ta\u0107, \u017ce urlop b\u0119dzie trwa\u0142 14 dni (10 dni roboczych).<\/p>\n<h3><strong>Podsumowanie informacji, urlop ojcowski<\/strong><\/h3>\n<p>Podsumowuj\u0105c, urlop ojcowski przys\u0142uguje ojcu w celu zapewnienia opieki nad dzieckiem w okresie po narodzinach lub adopcji. Ten rodzaj urlopu ma na celu zapewnienie aktywnego uczestnictwa w \u017cyciu dziecka oraz pomocy w r&oacute;wnomiernym podziale obowi\u0105zk&oacute;w rodzicielskich.  Urlop udzielany jest na podstawie wniosku, a jego wysoko\u015b\u0107 wynosi 100% podstawy wymiaru za ostatnie 12 miesi\u0119cy wynagrodzenia.<\/p>\n<p><strong>Przygotowano na podstawie<\/strong><\/p>\n<p>Ustawa z dnia 26 czerwca 1974 r. &#8211; Kodeks pracy (Dz. U. z 2022 r. poz. 1510, z p&oacute;\u017an. zm.);<\/p>\n<p>Rozporz\u0105dzenie Ministra Rodziny, Pracy i Polityki Spo\u0142ecznej z dnia 8 grudnia 2015 r. w sprawie wniosk&oacute;w dotycz\u0105cych uprawnie\u0144 pracownik&oacute;w zwi\u0105zanych z rodzicielstwem oraz dokument&oacute;w do\u0142\u0105czanych do takich wniosk&oacute;w (Dz. U. z 2015 r. poz. 2243, z p&oacute;\u017an. zm.);<\/p>\n<p>Ustawa z dnia 25 czerwca 1999 r. o \u015bwiadczeniach pieni\u0119\u017cnych z ubezpieczenia spo\u0142ecznego w razie choroby i macierzy\u0144stwa (Dz. U. z 2022 r. poz. 1732, z p&oacute;\u017an. zm.).<\/p><\/p>\n","protected":false},"excerpt":{"rendered":"<p>Urlop ojcowski jest jednym z najcz\u0119\u015bciej poruszanych zagadnie\u0144 w kontek\u015bcie wsp&oacute;\u0142czesnego rodzicielstwa, z uwagi na &hellip; <\/p>\n","protected":false},"author":0,"featured_media":174,"parent":0,"menu_order":0,"comment_status":"closed","ping_status":"closed","template":"","meta":{"_acf_changed":false,"footnotes":""},"class_list":["post-171","page","type-page","status-publish","has-post-thumbnail","hentry"],"acf":[],"yoast_head":"<!-- This site is optimized with the Yoast SEO plugin v26.9 - https:\/\/yoast.com\/product\/yoast-seo-wordpress\/ -->\n<title>Urlop Ojcowski | Ile p\u0142atny, do kiedy, wniosek 2024\/2025<\/title>\n<meta name=\"description\" content=\"Sprawd\u017a, jak wygl\u0105daj\u0105 zmiany w urlopie ojcowskim w 2023 roku \u2714 Ile wynosi p\u0142atny urlop \u2714 Kto op\u0142aca i jak z\u0142o\u017cy\u0107 wniosek do ZUS \u2714\" \/>\n<meta name=\"robots\" content=\"index, follow, max-snippet:-1, max-image-preview:large, max-video-preview:-1\" \/>\n<link rel=\"canonical\" href=\"https:\/\/yoopies.pl\/c\/urlop-ojcowski\/\" \/>\n<meta property=\"og:locale\" content=\"pl_PL\" \/>\n<meta property=\"og:type\" content=\"article\" \/>\n<meta property=\"og:title\" content=\"Urlop Ojcowski | Ile p\u0142atny, do kiedy, wniosek 2024\/2025\" \/>\n<meta property=\"og:description\" content=\"Sprawd\u017a, jak wygl\u0105daj\u0105 zmiany w urlopie ojcowskim w 2023 roku \u2714 Ile wynosi p\u0142atny urlop \u2714 Kto op\u0142aca i jak z\u0142o\u017cy\u0107 wniosek do ZUS \u2714\" \/>\n<meta property=\"og:url\" content=\"https:\/\/yoopies.pl\/c\/urlop-ojcowski\/\" \/>\n<meta property=\"og:site_name\" content=\"Yoopies Polska\" \/>\n<meta property=\"article:modified_time\" content=\"2025-03-27T08:57:30+00:00\" \/>\n<meta property=\"og:image\" content=\"https:\/\/yoopies.pl\/c\/wp-content\/uploads\/sites\/2\/2024\/06\/zlcj3yol0zci9bkm-132.jpg\" \/>\n\t<meta property=\"og:image:width\" content=\"600\" \/>\n\t<meta property=\"og:image:height\" content=\"300\" \/>\n\t<meta property=\"og:image:type\" content=\"image\/jpeg\" \/>\n<meta name=\"twitter:card\" content=\"summary_large_image\" \/>\n<meta name=\"twitter:label1\" content=\"Szacowany czas czytania\" \/>\n\t<meta name=\"twitter:data1\" content=\"5 minut\" \/>\n<script type=\"application\/ld+json\" class=\"yoast-schema-graph\">{\"@context\":\"https:\/\/schema.org\",\"@graph\":[{\"@type\":\"WebPage\",\"@id\":\"https:\/\/yoopies.pl\/c\/urlop-ojcowski\/\",\"url\":\"https:\/\/yoopies.pl\/c\/urlop-ojcowski\/\",\"name\":\"Urlop Ojcowski | Ile p\u0142atny, do kiedy, wniosek 2024\/2025\",\"isPartOf\":{\"@id\":\"https:\/\/yoopies.pl\/c\/#website\"},\"primaryImageOfPage\":{\"@id\":\"https:\/\/yoopies.pl\/c\/urlop-ojcowski\/#primaryimage\"},\"image\":{\"@id\":\"https:\/\/yoopies.pl\/c\/urlop-ojcowski\/#primaryimage\"},\"thumbnailUrl\":\"https:\/\/yoopies.pl\/c\/wp-content\/uploads\/sites\/2\/2024\/06\/zlcj3yol0zci9bkm-132.jpg\",\"datePublished\":\"2024-06-05T09:10:21+00:00\",\"dateModified\":\"2025-03-27T08:57:30+00:00\",\"description\":\"Sprawd\u017a, jak wygl\u0105daj\u0105 zmiany w urlopie ojcowskim w 2023 roku \u2714 Ile wynosi p\u0142atny urlop \u2714 Kto op\u0142aca i jak z\u0142o\u017cy\u0107 wniosek do ZUS \u2714\",\"breadcrumb\":{\"@id\":\"https:\/\/yoopies.pl\/c\/urlop-ojcowski\/#breadcrumb\"},\"inLanguage\":\"pl-PL\",\"potentialAction\":[{\"@type\":\"ReadAction\",\"target\":[\"https:\/\/yoopies.pl\/c\/urlop-ojcowski\/\"]}]},{\"@type\":\"ImageObject\",\"inLanguage\":\"pl-PL\",\"@id\":\"https:\/\/yoopies.pl\/c\/urlop-ojcowski\/#primaryimage\",\"url\":\"https:\/\/yoopies.pl\/c\/wp-content\/uploads\/sites\/2\/2024\/06\/zlcj3yol0zci9bkm-132.jpg\",\"contentUrl\":\"https:\/\/yoopies.pl\/c\/wp-content\/uploads\/sites\/2\/2024\/06\/zlcj3yol0zci9bkm-132.jpg\",\"width\":600,\"height\":300},{\"@type\":\"BreadcrumbList\",\"@id\":\"https:\/\/yoopies.pl\/c\/urlop-ojcowski\/#breadcrumb\",\"itemListElement\":[{\"@type\":\"ListItem\",\"position\":1,\"name\":\"Home\",\"item\":\"https:\/\/yoopies.pl\/c\/\"},{\"@type\":\"ListItem\",\"position\":2,\"name\":\"Urlop ojcowski | Ile wynosi, ile p\u0142atny i kiedy z\u0142o\u017cy\u0107 wniosek\"}]},{\"@type\":\"WebSite\",\"@id\":\"https:\/\/yoopies.pl\/c\/#website\",\"url\":\"https:\/\/yoopies.pl\/c\/\",\"name\":\"Yoopies Polska\",\"description\":\"\",\"publisher\":{\"@id\":\"https:\/\/yoopies.pl\/c\/#organization\"},\"potentialAction\":[{\"@type\":\"SearchAction\",\"target\":{\"@type\":\"EntryPoint\",\"urlTemplate\":\"https:\/\/yoopies.pl\/c\/?s={search_term_string}\"},\"query-input\":{\"@type\":\"PropertyValueSpecification\",\"valueRequired\":true,\"valueName\":\"search_term_string\"}}],\"inLanguage\":\"pl-PL\"},{\"@type\":\"Organization\",\"@id\":\"https:\/\/yoopies.pl\/c\/#organization\",\"name\":\"Yoopies Polska\",\"url\":\"https:\/\/yoopies.pl\/c\/\",\"logo\":{\"@type\":\"ImageObject\",\"inLanguage\":\"pl-PL\",\"@id\":\"https:\/\/yoopies.pl\/c\/#\/schema\/logo\/image\/\",\"url\":\"https:\/\/yoopies.pl\/c\/wp-content\/uploads\/sites\/2\/2025\/04\/cropped-Logo_Yoopies-2.png\",\"contentUrl\":\"https:\/\/yoopies.pl\/c\/wp-content\/uploads\/sites\/2\/2025\/04\/cropped-Logo_Yoopies-2.png\",\"width\":512,\"height\":512,\"caption\":\"Yoopies Polska\"},\"image\":{\"@id\":\"https:\/\/yoopies.pl\/c\/#\/schema\/logo\/image\/\"}}]}<\/script>\n<!-- \/ Yoast SEO plugin. -->","yoast_head_json":{"title":"Urlop Ojcowski | Ile p\u0142atny, do kiedy, wniosek 2024\/2025","description":"Sprawd\u017a, jak wygl\u0105daj\u0105 zmiany w urlopie ojcowskim w 2023 roku \u2714 Ile wynosi p\u0142atny urlop \u2714 Kto op\u0142aca i jak z\u0142o\u017cy\u0107 wniosek do ZUS \u2714","robots":{"index":"index","follow":"follow","max-snippet":"max-snippet:-1","max-image-preview":"max-image-preview:large","max-video-preview":"max-video-preview:-1"},"canonical":"https:\/\/yoopies.pl\/c\/urlop-ojcowski\/","og_locale":"pl_PL","og_type":"article","og_title":"Urlop Ojcowski | Ile p\u0142atny, do kiedy, wniosek 2024\/2025","og_description":"Sprawd\u017a, jak wygl\u0105daj\u0105 zmiany w urlopie ojcowskim w 2023 roku \u2714 Ile wynosi p\u0142atny urlop \u2714 Kto op\u0142aca i jak z\u0142o\u017cy\u0107 wniosek do ZUS \u2714","og_url":"https:\/\/yoopies.pl\/c\/urlop-ojcowski\/","og_site_name":"Yoopies Polska","article_modified_time":"2025-03-27T08:57:30+00:00","og_image":[{"width":600,"height":300,"url":"https:\/\/yoopies.pl\/c\/wp-content\/uploads\/sites\/2\/2024\/06\/zlcj3yol0zci9bkm-132.jpg","type":"image\/jpeg"}],"twitter_card":"summary_large_image","twitter_misc":{"Szacowany czas czytania":"5 minut"},"schema":{"@context":"https:\/\/schema.org","@graph":[{"@type":"WebPage","@id":"https:\/\/yoopies.pl\/c\/urlop-ojcowski\/","url":"https:\/\/yoopies.pl\/c\/urlop-ojcowski\/","name":"Urlop Ojcowski | Ile p\u0142atny, do kiedy, wniosek 2024\/2025","isPartOf":{"@id":"https:\/\/yoopies.pl\/c\/#website"},"primaryImageOfPage":{"@id":"https:\/\/yoopies.pl\/c\/urlop-ojcowski\/#primaryimage"},"image":{"@id":"https:\/\/yoopies.pl\/c\/urlop-ojcowski\/#primaryimage"},"thumbnailUrl":"https:\/\/yoopies.pl\/c\/wp-content\/uploads\/sites\/2\/2024\/06\/zlcj3yol0zci9bkm-132.jpg","datePublished":"2024-06-05T09:10:21+00:00","dateModified":"2025-03-27T08:57:30+00:00","description":"Sprawd\u017a, jak wygl\u0105daj\u0105 zmiany w urlopie ojcowskim w 2023 roku \u2714 Ile wynosi p\u0142atny urlop \u2714 Kto op\u0142aca i jak z\u0142o\u017cy\u0107 wniosek do ZUS \u2714","breadcrumb":{"@id":"https:\/\/yoopies.pl\/c\/urlop-ojcowski\/#breadcrumb"},"inLanguage":"pl-PL","potentialAction":[{"@type":"ReadAction","target":["https:\/\/yoopies.pl\/c\/urlop-ojcowski\/"]}]},{"@type":"ImageObject","inLanguage":"pl-PL","@id":"https:\/\/yoopies.pl\/c\/urlop-ojcowski\/#primaryimage","url":"https:\/\/yoopies.pl\/c\/wp-content\/uploads\/sites\/2\/2024\/06\/zlcj3yol0zci9bkm-132.jpg","contentUrl":"https:\/\/yoopies.pl\/c\/wp-content\/uploads\/sites\/2\/2024\/06\/zlcj3yol0zci9bkm-132.jpg","width":600,"height":300},{"@type":"BreadcrumbList","@id":"https:\/\/yoopies.pl\/c\/urlop-ojcowski\/#breadcrumb","itemListElement":[{"@type":"ListItem","position":1,"name":"Home","item":"https:\/\/yoopies.pl\/c\/"},{"@type":"ListItem","position":2,"name":"Urlop ojcowski | Ile wynosi, ile p\u0142atny i kiedy z\u0142o\u017cy\u0107 wniosek"}]},{"@type":"WebSite","@id":"https:\/\/yoopies.pl\/c\/#website","url":"https:\/\/yoopies.pl\/c\/","name":"Yoopies Polska","description":"","publisher":{"@id":"https:\/\/yoopies.pl\/c\/#organization"},"potentialAction":[{"@type":"SearchAction","target":{"@type":"EntryPoint","urlTemplate":"https:\/\/yoopies.pl\/c\/?s={search_term_string}"},"query-input":{"@type":"PropertyValueSpecification","valueRequired":true,"valueName":"search_term_string"}}],"inLanguage":"pl-PL"},{"@type":"Organization","@id":"https:\/\/yoopies.pl\/c\/#organization","name":"Yoopies Polska","url":"https:\/\/yoopies.pl\/c\/","logo":{"@type":"ImageObject","inLanguage":"pl-PL","@id":"https:\/\/yoopies.pl\/c\/#\/schema\/logo\/image\/","url":"https:\/\/yoopies.pl\/c\/wp-content\/uploads\/sites\/2\/2025\/04\/cropped-Logo_Yoopies-2.png","contentUrl":"https:\/\/yoopies.pl\/c\/wp-content\/uploads\/sites\/2\/2025\/04\/cropped-Logo_Yoopies-2.png","width":512,"height":512,"caption":"Yoopies Polska"},"image":{"@id":"https:\/\/yoopies.pl\/c\/#\/schema\/logo\/image\/"}}]}},"_links":{"self":[{"href":"https:\/\/yoopies.pl\/c\/wp-json\/wp\/v2\/pages\/171","targetHints":{"allow":["GET"]}}],"collection":[{"href":"https:\/\/yoopies.pl\/c\/wp-json\/wp\/v2\/pages"}],"about":[{"href":"https:\/\/yoopies.pl\/c\/wp-json\/wp\/v2\/types\/page"}],"replies":[{"embeddable":true,"href":"https:\/\/yoopies.pl\/c\/wp-json\/wp\/v2\/comments?post=171"}],"version-history":[{"count":1,"href":"https:\/\/yoopies.pl\/c\/wp-json\/wp\/v2\/pages\/171\/revisions"}],"predecessor-version":[{"id":175,"href":"https:\/\/yoopies.pl\/c\/wp-json\/wp\/v2\/pages\/171\/revisions\/175"}],"wp:featuredmedia":[{"embeddable":true,"href":"https:\/\/yoopies.pl\/c\/wp-json\/wp\/v2\/media\/174"}],"wp:attachment":[{"href":"https:\/\/yoopies.pl\/c\/wp-json\/wp\/v2\/media?parent=171"}],"curies":[{"name":"wp","href":"https:\/\/api.w.org\/{rel}","templated":true}]}}