{"id":176,"date":"2024-06-05T09:08:01","date_gmt":"2024-06-05T09:08:01","guid":{"rendered":"https:\/\/blog.yoopies.pl\/opiekunka-do-dziecka\/porady-dla-rodzicow-i-nian\/urlop-macierzynski-tacierzynski\/ile-wynosi-zasilek-macierzynski\/"},"modified":"2025-03-27T08:57:31","modified_gmt":"2025-03-27T08:57:31","slug":"ile-wynosi-zasilek-macierzynski","status":"publish","type":"page","link":"https:\/\/yoopies.pl\/c\/ile-wynosi-zasilek-macierzynski\/","title":{"rendered":"Zasi\u0142ek macierzy\u0144ski w 2024 roku | Ile wynosi po zmianie ustawy?"},"content":{"rendered":"<p><p>Rok 2023 przyni&oacute;s\u0142 wiele zmian i nowo\u015bci w wielu dziedzinach \u017cycia, w tym tak\u017ce w kwestii zasi\u0142ku macierzy\u0144skiego. Przepisy dotycz\u0105ce \u015bwiadcze\u0144 dla przysz\u0142ych mam wci\u0105\u017c ewoluuj\u0105, a zasi\u0142ek macierzy\u0144ski stanowi obecnie jeden z kluczowych element&oacute;w wsparcia dla rodzin oczekuj\u0105cych na przyj\u015bcie dziecka. <\/p>\n<p>Odpowiedzi na pytania: jak zmieni\u0142 si\u0119 zasi\u0142ek po wprowadzeniu przepis&oacute;w z dnia 26 kwietnia 2023, ile wynosi kwota wyp\u0142acanego zasi\u0142ku i jak d\u0142ugo jest wyp\u0142acane \u015bwiadczenie, poni\u017cej.<\/p>\n<\/p>\n<figure><img decoding=\"async\" src=\"https:\/\/yoopies.pl\/c\/wp-content\/uploads\/sites\/2\/2024\/06\/zj3zp0flkbtrwxmc-ilewynosizasic582ekmacierzyc584skidlamam.jpg\" \/><\/figure>\n<p><a class=\"button\" href=\"https:\/\/yoopies.pl\/niania\">Opiekunka do dziecka | Sprawd\u017a profile nia\u0144 w Twojej okolicy<\/a><\/p>\n<p><h2>Ile wynosi zasi\u0142ek macierzy\u0144ski w 2023 roku po zmianach w Kodeksie?<\/h2>\n<p>Nowelizacja Kodeksu pracy z 26 kwietnia 2023 roku przynios\u0142a zmian\u0119 wysoko\u015bci zasi\u0142ku macierzy\u0144skiego, kt&oacute;ry obecnie wynosi 100% podstawy wymiaru za okres <a href=\"https:\/\/yoopies.pl\/c\/opiekunka-do-dziecka\/porady-dla-rodzicow-i-nian\/urlop-macierzynski-tacierzynski\/urlop-macierzynski\">urlopu macierzy\u0144skiego<\/a> oraz 70% za okres urlopu rodzicielskiego.<\/p>\n<p>&#8222;Od 26 kwietnia 2023 r. zasi\u0142ek macierzy\u0144ski jest wy\u017cszy i wynosi 100 proc. podstawy wymiaru zasi\u0142ku za okres urlopu macierzy\u0144skiego i 70 proc. podstawy wymiaru zasi\u0142ku za okres urlopu rodzicielskiego&#8221;. &#8211; Pawe\u0142 \u017bebrowski, rzecznik ZUS.<\/p>\n<p>Powi\u0105zane artyku\u0142y:<\/p>\n<p><a href=\"https:\/\/yoopies.pl\/c\/opiekunka-do-dziecka\/porady-dla-rodzicow-i-nian\/urlop-macierzynski-tacierzynski\/urlop-macierzynski-a-umowa-o-prace-zlecenie-dzielo\">Urlop macierzy\u0144ski a rodzaj podpisanej umowy<\/a><br \/>\n<a href=\"https:\/\/yoopies.pl\/c\/opiekunka-do-dziecka\/porady-dla-rodzicow-i-nian\/urlop-macierzynski-tacierzynski\/urlop-tacierzynski\">Urlop tacierzy\u0144ski<\/a><\/p>\n<\/p>\n<p><h2>Wysoko\u015b\u0107 zasi\u0142ku uzale\u017cniona od daty z\u0142o\u017cenia wniosku<\/h2>\n<p>Zasi\u0142ek u\u015bredniony za okres urlopu macierzy\u0144skiego i rodzicielskiego przys\u0142uguje w wysoko\u015bci 81,5%. Jest to uzale\u017cnione od daty z\u0142o\u017cenia wniosku o udzielenie urlop&oacute;w. Je\u015bli dana osoba z\u0142o\u017cy wniosek 21 dni po porodzie lub przyj\u0119ciu dziecka na wychowanie jako rodzina zast\u0119pcza, zasi\u0142ek b\u0119dzie przys\u0142ugiwa\u0142 w wysoko\u015bci 81,5%.<\/p>\n<\/p>\n<p><h2>Jak wygl\u0105da wyd\u0142u\u017cenie urlopu rodzicielskiego?<\/h2>\n<p>Nowelizacja Kodeksu pracy przynios\u0142a zmiany urlopu rodzicielskiego, kt&oacute;ry zosta\u0142 wyd\u0142u\u017cony o 9 tygodni, jednak\u017ce tylko na wy\u0142\u0105czno\u015b\u0107 drugiego rodzica. <\/p>\n<p>W praktyce oznacza to, \u017ce je\u017celi ojciec dziecka decyduje si\u0119 skorzysta\u0107 z d\u0142u\u017cszego urlopu rodzicielskiego, mo\u017ce to zrobi\u0107, a w&oacute;wczas otrzyma \u015bwiadczenie w wysoko\u015bci 70% podstawy wymiaru.<\/p>\n<h3>Czy urlop rodzicielski jest obowi\u0105zkowy?<\/h3>\n<p>Nie, urlop rodzicielski nie jest obowi\u0105zkowy i nie przys\u0142uguje wy\u0142\u0105cznie jednemu rodzicowi. Oboje rodzic&oacute;w mo\u017ce skorzysta\u0107 z urlopu z zaznaczeniem dodatkowych 9 tygodni tylko dla jednego z nich.<\/p>\n<h2>Wyd\u0142u\u017cenie zasi\u0142ku macierzy\u0144skiego<\/h2>\n<p>Z uwagi na wyd\u0142u\u017cenie urlopu rodzicielskiego, zmienia si\u0119 tak\u017ce okres wyp\u0142aty zasi\u0142ku macierzy\u0144skiego. <strong>Wysoko\u015b\u0107 zasi\u0142ku w trakcie trwania 9-tygodniowego urlopu rodzicielskiego wynosi 70% podstawy wymiaru zasi\u0142ku.<\/strong><\/p>\n<p>&#8222;Rodzice, kt&oacute;rzy na 26 kwietnia br. pobierali zasi\u0142ek macierzy\u0144ski za okres urlopu macierzy\u0144skiego, urlopu na warunkach urlopu macierzy\u0144skiego lub urlopu rodzicielskiego, by mie\u0107 wy\u017csze \u015bwiadczenie, musz\u0105 z\u0142o\u017cy\u0107 wniosek o przeliczenie zasi\u0142ku&#8221;. &#8211; Pawe\u0142 \u017bebrowski, rzecznik ZUS<\/p>\n<\/p>\n<p><h3><strong>Jak d\u0142ugo wyp\u0142acany jest zasi\u0142ek macierzy\u0144ski za czas przebywania na urlopie rodzicielskim?<\/strong><\/h3>\n<p>Zasi\u0142ek macierzy\u0144ski za okres urlopu rodzicielskiego wyp\u0142acany jest przez:<\/p>\n<ul>\n<li>41 tygodni w przypadku urodzenia 1 dziecka;<\/li>\n<li>43 tygodnie w przypadku urodzenia 2 lub wi\u0119kszej liczby dzieci;<\/li>\n<li>38 tygodni w&nbsp;szczeg&oacute;lnych przypadkach, gdy rodzina zast\u0119pcza (niezawodowa) przyjmie na wychowanie dziecko do lat 7 (lub do 10 lat, je\u015bli dziecko ma odroczony obowi\u0105zek szkolny) lub gdy osoba ubezpieczona przyjmie na wychowanie dziecko do lat 14 i z\u0142o\u017cy wniosek o wszcz\u0119cie post\u0119powania w sprawie przysposobienia dziecka.<\/li>\n<\/ul>\n<h3>Kto wyp\u0142aca zasi\u0142ek macierzy\u0144ski?<\/h3>\n<p><strong>Zasi\u0142ek macierzy\u0144ski jest wyp\u0142acany przez Zak\u0142ad Ubezpiecze\u0144 Spo\u0142ecznych (ZUS)<\/strong> jako forma \u015bwiadczenia, kt&oacute;rej celem jest cz\u0119\u015bciowe lub ca\u0142kowite pokrycie utraconych dochod&oacute;w przez matk\u0119 w czasie jej nieobecno\u015bci w miejscu pracy.<\/p>\n<h2>Jak uzyska\u0107 nowy zasi\u0142ek macierzy\u0144ski?<\/h2>\n<p>Aby otrzyma\u0107 zasi\u0142ek macierzy\u0144ski na nowych warunkach, konieczne jest z\u0142o\u017cenie wniosku o przeliczenie wysoko\u015bci zasi\u0142ku. Zgodnie z informacjami podanymi przez ZUS, wniosek mo\u017ce zosta\u0107 z\u0142o\u017cony:<\/p>\n<ul>\n<li>pisemnie u pracodawcy, zleceniodawcy;<\/li>\n<li>lub przez Platform\u0119 Us\u0142ug Elektronicznych ZUS na formularzu POG.<\/li>\n<\/ul>\n<h3>Czy przyznanie urlopu macierzy\u0144skiego przed porodem jest mo\u017cliwe?<\/h3>\n<p><strong>Tak, urlop macierzy\u0144ski mo\u017ce zosta\u0107 rozpocz\u0119ty ju\u017c przed porodem.<\/strong> W&oacute;wczas pe\u0142ny wymiar urlopu macierzy\u0144skiego nale\u017cnego osobie ubezpieczonej po porodzie jest zmniejszony o&nbsp;liczb\u0119 dni wykorzystanego \u015bwiadczenia przed porodem. Pracownica na sw&oacute;j wniosek mo\u017ce wykorzysta\u0107 do maksymalnie 6. tygodni urlopu przed porodem.<\/p><\/p>\n","protected":false},"excerpt":{"rendered":"<p>Rok 2023 przyni&oacute;s\u0142 wiele zmian i nowo\u015bci w wielu dziedzinach \u017cycia, w tym tak\u017ce w &hellip; <\/p>\n","protected":false},"author":0,"featured_media":178,"parent":0,"menu_order":0,"comment_status":"closed","ping_status":"closed","template":"","meta":{"_acf_changed":false,"footnotes":""},"class_list":["post-176","page","type-page","status-publish","has-post-thumbnail","hentry"],"acf":[],"yoast_head":"<!-- This site is optimized with the Yoast SEO plugin v26.9 - https:\/\/yoast.com\/product\/yoast-seo-wordpress\/ -->\n<title>Zasi\u0142ek macierzy\u0144ski w 2024 roku | Ile wynosi i jak obliczy\u0107?<\/title>\n<meta name=\"description\" content=\"Sprawd\u017a, ile wynosi i jak obliczy\u0107 kwot\u0119 zasi\u0142ku macierzy\u0144skiego \u2714 Zasi\u0142ek dla mam po zmianie Kodeksu pracy w 2023 roku \u2714 Kalkulator 2024 \u2714\" \/>\n<meta name=\"robots\" content=\"index, follow, max-snippet:-1, max-image-preview:large, max-video-preview:-1\" \/>\n<link rel=\"canonical\" href=\"https:\/\/yoopies.pl\/c\/ile-wynosi-zasilek-macierzynski\/\" \/>\n<meta property=\"og:locale\" content=\"pl_PL\" \/>\n<meta property=\"og:type\" content=\"article\" \/>\n<meta property=\"og:title\" content=\"Zasi\u0142ek macierzy\u0144ski w 2024 roku | Ile wynosi i jak obliczy\u0107?\" \/>\n<meta property=\"og:description\" content=\"Sprawd\u017a, ile wynosi i jak obliczy\u0107 kwot\u0119 zasi\u0142ku macierzy\u0144skiego \u2714 Zasi\u0142ek dla mam po zmianie Kodeksu pracy w 2023 roku \u2714 Kalkulator 2024 \u2714\" \/>\n<meta property=\"og:url\" content=\"https:\/\/yoopies.pl\/c\/ile-wynosi-zasilek-macierzynski\/\" \/>\n<meta property=\"og:site_name\" content=\"Yoopies Polska\" \/>\n<meta property=\"article:modified_time\" content=\"2025-03-27T08:57:31+00:00\" \/>\n<meta property=\"og:image\" content=\"https:\/\/yoopies.pl\/c\/wp-content\/uploads\/sites\/2\/2024\/06\/zlcbvsol0zci9bde-202.jpg\" \/>\n\t<meta property=\"og:image:width\" content=\"600\" \/>\n\t<meta property=\"og:image:height\" content=\"300\" \/>\n\t<meta property=\"og:image:type\" content=\"image\/jpeg\" \/>\n<meta name=\"twitter:card\" content=\"summary_large_image\" \/>\n<meta name=\"twitter:label1\" content=\"Szacowany czas czytania\" \/>\n\t<meta name=\"twitter:data1\" content=\"4 minuty\" \/>\n<script type=\"application\/ld+json\" class=\"yoast-schema-graph\">{\"@context\":\"https:\/\/schema.org\",\"@graph\":[{\"@type\":\"WebPage\",\"@id\":\"https:\/\/yoopies.pl\/c\/ile-wynosi-zasilek-macierzynski\/\",\"url\":\"https:\/\/yoopies.pl\/c\/ile-wynosi-zasilek-macierzynski\/\",\"name\":\"Zasi\u0142ek macierzy\u0144ski w 2024 roku | Ile wynosi i jak obliczy\u0107?\",\"isPartOf\":{\"@id\":\"https:\/\/yoopies.pl\/c\/#website\"},\"primaryImageOfPage\":{\"@id\":\"https:\/\/yoopies.pl\/c\/ile-wynosi-zasilek-macierzynski\/#primaryimage\"},\"image\":{\"@id\":\"https:\/\/yoopies.pl\/c\/ile-wynosi-zasilek-macierzynski\/#primaryimage\"},\"thumbnailUrl\":\"https:\/\/yoopies.pl\/c\/wp-content\/uploads\/sites\/2\/2024\/06\/zlcbvsol0zci9bde-202.jpg\",\"datePublished\":\"2024-06-05T09:08:01+00:00\",\"dateModified\":\"2025-03-27T08:57:31+00:00\",\"description\":\"Sprawd\u017a, ile wynosi i jak obliczy\u0107 kwot\u0119 zasi\u0142ku macierzy\u0144skiego \u2714 Zasi\u0142ek dla mam po zmianie Kodeksu pracy w 2023 roku \u2714 Kalkulator 2024 \u2714\",\"breadcrumb\":{\"@id\":\"https:\/\/yoopies.pl\/c\/ile-wynosi-zasilek-macierzynski\/#breadcrumb\"},\"inLanguage\":\"pl-PL\",\"potentialAction\":[{\"@type\":\"ReadAction\",\"target\":[\"https:\/\/yoopies.pl\/c\/ile-wynosi-zasilek-macierzynski\/\"]}]},{\"@type\":\"ImageObject\",\"inLanguage\":\"pl-PL\",\"@id\":\"https:\/\/yoopies.pl\/c\/ile-wynosi-zasilek-macierzynski\/#primaryimage\",\"url\":\"https:\/\/yoopies.pl\/c\/wp-content\/uploads\/sites\/2\/2024\/06\/zlcbvsol0zci9bde-202.jpg\",\"contentUrl\":\"https:\/\/yoopies.pl\/c\/wp-content\/uploads\/sites\/2\/2024\/06\/zlcbvsol0zci9bde-202.jpg\",\"width\":600,\"height\":300},{\"@type\":\"BreadcrumbList\",\"@id\":\"https:\/\/yoopies.pl\/c\/ile-wynosi-zasilek-macierzynski\/#breadcrumb\",\"itemListElement\":[{\"@type\":\"ListItem\",\"position\":1,\"name\":\"Home\",\"item\":\"https:\/\/yoopies.pl\/c\/\"},{\"@type\":\"ListItem\",\"position\":2,\"name\":\"Zasi\u0142ek macierzy\u0144ski w 2024 roku | Ile wynosi po zmianie ustawy?\"}]},{\"@type\":\"WebSite\",\"@id\":\"https:\/\/yoopies.pl\/c\/#website\",\"url\":\"https:\/\/yoopies.pl\/c\/\",\"name\":\"Yoopies Polska\",\"description\":\"\",\"publisher\":{\"@id\":\"https:\/\/yoopies.pl\/c\/#organization\"},\"potentialAction\":[{\"@type\":\"SearchAction\",\"target\":{\"@type\":\"EntryPoint\",\"urlTemplate\":\"https:\/\/yoopies.pl\/c\/?s={search_term_string}\"},\"query-input\":{\"@type\":\"PropertyValueSpecification\",\"valueRequired\":true,\"valueName\":\"search_term_string\"}}],\"inLanguage\":\"pl-PL\"},{\"@type\":\"Organization\",\"@id\":\"https:\/\/yoopies.pl\/c\/#organization\",\"name\":\"Yoopies Polska\",\"url\":\"https:\/\/yoopies.pl\/c\/\",\"logo\":{\"@type\":\"ImageObject\",\"inLanguage\":\"pl-PL\",\"@id\":\"https:\/\/yoopies.pl\/c\/#\/schema\/logo\/image\/\",\"url\":\"https:\/\/yoopies.pl\/c\/wp-content\/uploads\/sites\/2\/2025\/04\/cropped-Logo_Yoopies-2.png\",\"contentUrl\":\"https:\/\/yoopies.pl\/c\/wp-content\/uploads\/sites\/2\/2025\/04\/cropped-Logo_Yoopies-2.png\",\"width\":512,\"height\":512,\"caption\":\"Yoopies Polska\"},\"image\":{\"@id\":\"https:\/\/yoopies.pl\/c\/#\/schema\/logo\/image\/\"}}]}<\/script>\n<!-- \/ Yoast SEO plugin. -->","yoast_head_json":{"title":"Zasi\u0142ek macierzy\u0144ski w 2024 roku | Ile wynosi i jak obliczy\u0107?","description":"Sprawd\u017a, ile wynosi i jak obliczy\u0107 kwot\u0119 zasi\u0142ku macierzy\u0144skiego \u2714 Zasi\u0142ek dla mam po zmianie Kodeksu pracy w 2023 roku \u2714 Kalkulator 2024 \u2714","robots":{"index":"index","follow":"follow","max-snippet":"max-snippet:-1","max-image-preview":"max-image-preview:large","max-video-preview":"max-video-preview:-1"},"canonical":"https:\/\/yoopies.pl\/c\/ile-wynosi-zasilek-macierzynski\/","og_locale":"pl_PL","og_type":"article","og_title":"Zasi\u0142ek macierzy\u0144ski w 2024 roku | Ile wynosi i jak obliczy\u0107?","og_description":"Sprawd\u017a, ile wynosi i jak obliczy\u0107 kwot\u0119 zasi\u0142ku macierzy\u0144skiego \u2714 Zasi\u0142ek dla mam po zmianie Kodeksu pracy w 2023 roku \u2714 Kalkulator 2024 \u2714","og_url":"https:\/\/yoopies.pl\/c\/ile-wynosi-zasilek-macierzynski\/","og_site_name":"Yoopies Polska","article_modified_time":"2025-03-27T08:57:31+00:00","og_image":[{"width":600,"height":300,"url":"https:\/\/yoopies.pl\/c\/wp-content\/uploads\/sites\/2\/2024\/06\/zlcbvsol0zci9bde-202.jpg","type":"image\/jpeg"}],"twitter_card":"summary_large_image","twitter_misc":{"Szacowany czas czytania":"4 minuty"},"schema":{"@context":"https:\/\/schema.org","@graph":[{"@type":"WebPage","@id":"https:\/\/yoopies.pl\/c\/ile-wynosi-zasilek-macierzynski\/","url":"https:\/\/yoopies.pl\/c\/ile-wynosi-zasilek-macierzynski\/","name":"Zasi\u0142ek macierzy\u0144ski w 2024 roku | Ile wynosi i jak obliczy\u0107?","isPartOf":{"@id":"https:\/\/yoopies.pl\/c\/#website"},"primaryImageOfPage":{"@id":"https:\/\/yoopies.pl\/c\/ile-wynosi-zasilek-macierzynski\/#primaryimage"},"image":{"@id":"https:\/\/yoopies.pl\/c\/ile-wynosi-zasilek-macierzynski\/#primaryimage"},"thumbnailUrl":"https:\/\/yoopies.pl\/c\/wp-content\/uploads\/sites\/2\/2024\/06\/zlcbvsol0zci9bde-202.jpg","datePublished":"2024-06-05T09:08:01+00:00","dateModified":"2025-03-27T08:57:31+00:00","description":"Sprawd\u017a, ile wynosi i jak obliczy\u0107 kwot\u0119 zasi\u0142ku macierzy\u0144skiego \u2714 Zasi\u0142ek dla mam po zmianie Kodeksu pracy w 2023 roku \u2714 Kalkulator 2024 \u2714","breadcrumb":{"@id":"https:\/\/yoopies.pl\/c\/ile-wynosi-zasilek-macierzynski\/#breadcrumb"},"inLanguage":"pl-PL","potentialAction":[{"@type":"ReadAction","target":["https:\/\/yoopies.pl\/c\/ile-wynosi-zasilek-macierzynski\/"]}]},{"@type":"ImageObject","inLanguage":"pl-PL","@id":"https:\/\/yoopies.pl\/c\/ile-wynosi-zasilek-macierzynski\/#primaryimage","url":"https:\/\/yoopies.pl\/c\/wp-content\/uploads\/sites\/2\/2024\/06\/zlcbvsol0zci9bde-202.jpg","contentUrl":"https:\/\/yoopies.pl\/c\/wp-content\/uploads\/sites\/2\/2024\/06\/zlcbvsol0zci9bde-202.jpg","width":600,"height":300},{"@type":"BreadcrumbList","@id":"https:\/\/yoopies.pl\/c\/ile-wynosi-zasilek-macierzynski\/#breadcrumb","itemListElement":[{"@type":"ListItem","position":1,"name":"Home","item":"https:\/\/yoopies.pl\/c\/"},{"@type":"ListItem","position":2,"name":"Zasi\u0142ek macierzy\u0144ski w 2024 roku | Ile wynosi po zmianie ustawy?"}]},{"@type":"WebSite","@id":"https:\/\/yoopies.pl\/c\/#website","url":"https:\/\/yoopies.pl\/c\/","name":"Yoopies Polska","description":"","publisher":{"@id":"https:\/\/yoopies.pl\/c\/#organization"},"potentialAction":[{"@type":"SearchAction","target":{"@type":"EntryPoint","urlTemplate":"https:\/\/yoopies.pl\/c\/?s={search_term_string}"},"query-input":{"@type":"PropertyValueSpecification","valueRequired":true,"valueName":"search_term_string"}}],"inLanguage":"pl-PL"},{"@type":"Organization","@id":"https:\/\/yoopies.pl\/c\/#organization","name":"Yoopies Polska","url":"https:\/\/yoopies.pl\/c\/","logo":{"@type":"ImageObject","inLanguage":"pl-PL","@id":"https:\/\/yoopies.pl\/c\/#\/schema\/logo\/image\/","url":"https:\/\/yoopies.pl\/c\/wp-content\/uploads\/sites\/2\/2025\/04\/cropped-Logo_Yoopies-2.png","contentUrl":"https:\/\/yoopies.pl\/c\/wp-content\/uploads\/sites\/2\/2025\/04\/cropped-Logo_Yoopies-2.png","width":512,"height":512,"caption":"Yoopies Polska"},"image":{"@id":"https:\/\/yoopies.pl\/c\/#\/schema\/logo\/image\/"}}]}},"_links":{"self":[{"href":"https:\/\/yoopies.pl\/c\/wp-json\/wp\/v2\/pages\/176","targetHints":{"allow":["GET"]}}],"collection":[{"href":"https:\/\/yoopies.pl\/c\/wp-json\/wp\/v2\/pages"}],"about":[{"href":"https:\/\/yoopies.pl\/c\/wp-json\/wp\/v2\/types\/page"}],"replies":[{"embeddable":true,"href":"https:\/\/yoopies.pl\/c\/wp-json\/wp\/v2\/comments?post=176"}],"version-history":[{"count":1,"href":"https:\/\/yoopies.pl\/c\/wp-json\/wp\/v2\/pages\/176\/revisions"}],"predecessor-version":[{"id":179,"href":"https:\/\/yoopies.pl\/c\/wp-json\/wp\/v2\/pages\/176\/revisions\/179"}],"wp:featuredmedia":[{"embeddable":true,"href":"https:\/\/yoopies.pl\/c\/wp-json\/wp\/v2\/media\/178"}],"wp:attachment":[{"href":"https:\/\/yoopies.pl\/c\/wp-json\/wp\/v2\/media?parent=176"}],"curies":[{"name":"wp","href":"https:\/\/api.w.org\/{rel}","templated":true}]}}