{"id":185,"date":"2024-06-05T09:06:11","date_gmt":"2024-06-05T09:06:11","guid":{"rendered":"https:\/\/blog.yoopies.pl\/opiekunka-do-dziecka\/porady-dla-rodzicow-i-nian\/urlop-macierzynski-tacierzynski\/urlop-macierzynski\/"},"modified":"2025-03-27T08:57:31","modified_gmt":"2025-03-27T08:57:31","slug":"urlop-macierzynski","status":"publish","type":"page","link":"https:\/\/yoopies.pl\/c\/urlop-macierzynski\/","title":{"rendered":"Urlop i zasi\u0142ek macierzy\u0144ski | Wniosek oraz wysoko\u015b\u0107 zasi\u0142ku dla mam"},"content":{"rendered":"<p><p>Urlop macierzy\u0144ski jak wskazuje sama nazwa jest form\u0105 urlopu, kt&oacute;ra przys\u0142uguje po urodzeniu lub po adopcji dziecka w celu zapewnianie odpowiedniego czasu na opiek\u0119, odpoczynek, a tak\u017ce dostosowanie si\u0119 do nowej sytuacji rodzicielskiej.<\/p>\n<h2>Komu przys\u0142uguje urlop macierzy\u0144ski?<\/h2>\n<p>Urlop macierzy\u0144ski przys\u0142uguje matkom, kt&oacute;re urodzi\u0142y lub adoptowa\u0142y dzieci, <strong>pracuj\u0105cym na podstawie umowy o prac\u0119 tj. obj\u0119tymi sk\u0142adkami na ubezpieczenie chorobowe<\/strong>. <\/p>\n<p>Do przej\u015bcia na urlop macierzy\u0144ski nie maj\u0105 prawa mamy, kt&oacute;re przed porodem pracowa\u0142y na podstawie jednej z um&oacute;w cywilno-prawnych: zlecenia, <a href=\"https:\/\/yoopies.pl\/c\/opiekunka-do-dziecka\/porady-dla-rodzicow-i-nian\/umowa-niani\/umowa-uaktywniajaca-dla-niani\">umowy uaktywniaj\u0105cej<\/a> lub umowy o dzie\u0142o.<\/p>\n<\/p>\n<figure><img decoding=\"async\" src=\"https:\/\/yoopies.pl\/c\/wp-content\/uploads\/sites\/2\/2024\/06\/zjyzi0mtzajocqs7-urlopmacierzyc584skiwniosek2cczastrwania2codpc582atnoc59bc487.jpg\" \/><\/figure>\n<p><h3>Urlop macierzy\u0144ski a umowa zlecenie | Czy pracuj\u0105c na zlecenie mog\u0119 skorzysta\u0107 z urlopu?<\/h3>\n<p>Zgodnie z obowi\u0105zuj\u0105cym prawem, <strong>osobie zatrudnionej na podstawie umowy zlecenie nie przys\u0142uguje urlop macierzy\u0144ski ani urlop rodzicielski.<\/strong> <\/p>\n<p>Z drugiej strony osobie zatrudnionej na tego rodzaju umowie nale\u017cy si\u0119 tzw. &#8222;urlop macierzy\u0144ski zleceniobiorcy&#8221; w przypadku, gdy w dniu porodu matka staraj\u0105ca si\u0119 o urlop by\u0142a zg\u0142oszona do ubezpieczenia chorobowego.<\/p>\n<\/p>\n<p><a class=\"button\" href=\"https:\/\/yoopies.pl\/niania\">Niania dla dziecka | Sprawd\u017a profile opiekunek w okolicy<\/a><\/p>\n<p><h2>Ile trwa urlop macierzy\u0144ski? | Kalkulator urlopu dla 2024 roku<\/h2>\n<p>Zgodnie z art. 180 Kodeksu pracy w 2023 roku <strong>urlop macierzy\u0144ski przys\u0142uguje przez 20 tygodni w przypadku jednego dziecka<\/strong>, a w przypadku ci\u0105\u017cy mnogiej jest wyd\u0142u\u017cany i mo\u017ce trwa\u0107 37 tygodni. Szczeg&oacute;lne sytuacje, takie jak komplikacje zdrowotne matki lub wcze\u015bniejsze narodziny dziecka mog\u0105 stanowi\u0107 pow&oacute;d do przed\u0142u\u017cenia urlopu, tylko na wniosek matki. <\/p>\n<p><strong>Jak obliczy\u0107 przys\u0142uguj\u0105cy okres urlopowy dla matki? <\/strong>Kalkulator tygodniowy urlopu macierzy\u0144skiego przedstawia przys\u0142uguj\u0105ce okresy urlopu wed\u0142ug liczby urodzonych dzieci<\/p>\n<ul>\n<li>20 tygodni w przypadku urodzenia jednego dziecka;<\/li>\n<li>31 tygodni w przypadku urodzenia dwojga dzieci;<\/li>\n<li>33 tygodni w przypadku urodzenia trojga dzieci;<\/li>\n<li>35 tygodni w przypadku urodzenia czworga dzieci;<\/li>\n<li>37 tygodni w przypadku urodzenia pi\u0119ciorga dzieci.<\/li>\n<\/ul>\n<h3>Czy urlop macierzy\u0144ski musi zosta\u0107 wykorzystany w ca\u0142o\u015bci?<\/h3>\n<p>Zgodnie z prawem <strong>ka\u017cda matka musi wykorzysta\u0107 14 tygodni przyznanego urlopu macierzy\u0144skiego<\/strong>, z kt&oacute;rych nie mo\u017ce zrezygnowa\u0107. Pozosta\u0142e 6 tygodni mo\u017ce odda\u0107 ojcu w ramach urlopu tacierzy\u0144skiego. Co warto wiedzie\u0107, na urlopie macierzy\u0144skim mo\u017ce przebywa\u0107 tylko jeden rodzic w tym samym czasie.<\/p>\n<p>Czy po urodzeniu martwego dziecka matce przys\u0142uguje urlop macierzy\u0144ski? Tak. Urlop macierzy\u0144ski po urodzeniu martwego dziecka tak\u017ce przys\u0142uguje matce i jest to wymiar 8. tygodniowego urlopu od czasu porodu lub poronienia.<\/p>\n<h3>Czy termin urlopu macierzy\u0144skiego mo\u017ce zosta\u0107 zmieniony?<\/h3>\n<p><strong>Tak, termin urlopu mo\u017ce zosta\u0107 zmieniony, a jego ostateczne ustalenie powinno zosta\u0107 dokonane we wsp&oacute;\u0142pracy z pracodawc\u0105<\/strong> zgodnie z obowi\u0105zuj\u0105cymi przepisami prawa. Podczas ustalania okresu urlopowego nale\u017cy wzi\u0105\u0107 pod uwag\u0119 czynnik najwa\u017cniejszy tj. <strong>termin porodu<\/strong>, okres urlopu mo\u017ce ulec zmianie z powodu wcze\u015bniejszych lub p&oacute;\u017aniejszych narodzin dziecka.<\/p>\n<h2>Warunki przyznania urlopu macierzy\u0144skiego | Wniosek o urlop<\/h2>\n<p>Urlop macierzy\u0144ski przys\u0142uguje biologicznej matce dziecka, kt&oacute;ra jest ubezpieczona w systemie ZUS. Matka staraj\u0105ca si\u0119 o przyznanie urlopu macierzy\u0144skiego musi zg\u0142osi\u0107 narodziny dziecka do swojego pracodawcy z odpowiednim wyprzedzeniem.<\/p>\n<p>Przyk\u0142adowy wz&oacute;r wniosku o urlop macierzy\u0144ski<\/p>\n<p class=\"block-img\"><img decoding=\"async\" src=\"https:\/\/yoopies.pl\/c\/wp-content\/uploads\/sites\/2\/2024\/06\/f28671be-dbea-4ab6-98c1-3ffa000532e5_NajlepszeopiekunkidoznalezienianaYoopies284729.jpg\" alt=\"Wz&oacute;r wniosku o urlop macierzy\u0144ski\"><\/p>\n<p>Wniosek o udzielenie urlopu macierzy\u0144skiego powinien zawiera\u0107 elementy, takie jak:<\/p>\n<ul>\n<li>Dane osobowe osoby wnioskuj\u0105cej (imi\u0119, nazwisko, adres, PESEL);<\/li>\n<li>Dane pracodawcy (nazwa firmy lub instytucji, numer telefonu);<\/li>\n<li>Termin urlopu i okres trwania;<\/li>\n<li>Zobowi\u0105zanie co co przekazania niezb\u0119dnych dokument&oacute;w;<\/li>\n<li>Podpis, data.<\/li>\n<\/ul>\n<h3>Kiedy z\u0142o\u017cy\u0107 podanie\/wniosek o urlop macierzy\u0144ski?<\/h3>\n<p>Optymalne jest z\u0142o\u017cenie wniosku na kilka tygodni lub miesi\u0119cy przed planowanym rozpocz\u0119ciem urlopu. W Polsce, zgodnie z obowi\u0105zuj\u0105cymi przepisami, podanie o urlop powinno zosta\u0107 z\u0142o\u017cone<strong> nie p&oacute;\u017aniej ni\u017c 14 dni przed planowanym terminem porodu.<\/strong><\/p>\n<p>Podanie o urlop macierzy\u0144ski nale\u017cy z\u0142o\u017cy\u0107 tak, aby pracodawca m&oacute;g\u0142 z wyprzedzeniem zorganizowa\u0107 prac\u0119 podczas nieobecno\u015bci pracownika.<\/p>\n<h3>W jaki spos&oacute;b z\u0142o\u017cy\u0107 wniosek o urlop macierzy\u0144ski?<\/h3>\n<p>Je\u017celi matka jest zatrudniona na podstawie umowy o prac\u0119 lub op\u0142aca sk\u0142adki chorobowe na podstawie umowy zlecenie, wniosek powinien zosta\u0107 z\u0142o\u017cony u pracodawcy lub za po\u015brednictwem platformy internetowej PUE ZUS jako wniosek ZUS ZAM. <\/p>\n<p>Wniosek ZUS ZAM wype\u0142nia osoba ubezpieczona, kt&oacute;ra ubiega si\u0119 o zasi\u0142ek macierzy\u0144ski.<\/p>\n<h3>Czy urlop macierzy\u0144ski wlicza si\u0119 do emerytury?<\/h3>\n<p><strong>Tak, <\/strong>urlop macierzy\u0144ski wlicza si\u0119 do emerytury zgodnie z obowi\u0105zuj\u0105cymi przepisami prawa. Okres pobierania zasi\u0142ku macierzy\u0144skiego jest uwzgl\u0119dniony podczas ustalania prawa do emerytury i jej wysoko\u015bci.<\/p>\n<h2>Zasi\u0142ek macierzy\u0144ski p\u0142atny podczas urlopu macierzy\u0144skiego<\/h2>\n<p>W czasie urlopu macierzy\u0144skiego wysoko\u015b\u0107 zasi\u0142ku wynosi <strong>100% podstawy wymiaru <\/strong>tj. kwoty otrzymywanego wynagrodzenia za ostatnie 12 miesi\u0119cy<strong>. <\/strong>Dodatkowo matka ma prawo do skorzystania ze 100% podstawy wymiaru zasi\u0142ku podczas urlopu rodzicielskiego za pierwsze 6 tygodni oraz 60% za pozosta\u0142e 26 tygodni.<\/p>\n<p>W przypadku z\u0142o\u017cenia przez pracownic\u0119 wniosku o urlop w terminie nie p&oacute;\u017aniej ni\u017c 21 dni po porodzie miesi\u0119czny zasi\u0142ek macierzy\u0144ski za okres urlopowy wynosi 81,5% podstawy wymiaru. Zasi\u0142ek macierzy\u0144ski przys\u0142uguje osobom op\u0142acaj\u0105cym sk\u0142adki chorobowe.<\/p>\n<p><strong>Zasi\u0142ek macierzy\u0144ski jest wyp\u0142acany przez Zak\u0142ad Ubezpiecze\u0144 Spo\u0142ecznych (ZUS)<\/strong> jako forma \u015bwiadczenia, kt&oacute;rej celem jest cz\u0119\u015bciowe lub ca\u0142kowite pokrycie utraconych dochod&oacute;w przez matk\u0119 w czasie jej nieobecno\u015bci w miejscu pracy.<\/p>\n<h3>Zasi\u0142ek macierzy\u0144ski a ustanie zatrudnienia&nbsp;<\/h3>\n<p>Zasi\u0142ek macierzy\u0144ski jest wyp\u0142acany r&oacute;wnie\u017c matkom, kt&oacute;rych:<\/p>\n<ul>\n<li>umowa o prac\u0119 wygas\u0142a w dniu porodu;<\/li>\n<li>tytu\u0142 do ubezpiecze\u0144 spo\u0142ecznych wygas\u0142 w trakcie pobierania zasi\u0142ku macierzy\u0144skiego;<\/li>\n<li>umowa wygas\u0142a w trakcie ci\u0105\u017cy wskutek upad\u0142o\u015bci zak\u0142adu pracy;<\/li>\n<li>zatrudnienie usta\u0142o w czasie ci\u0105\u017cy i z naruszeniem przepis&oacute;w prawa;<\/li>\n<li>dziecko urodzi\u0142o si\u0119 (lub zosta\u0142o adoptowane) w czasie urlopu wychowawczego.<\/li>\n<\/ul>\n<p>W przypadku gdy w trakcie trwania urlopu macierzy\u0144skiego umowa zawarta na czas okre\u015blony zostaje rozwi\u0105zana i nie nast\u0119puje jej przed\u0142u\u017cenie, oznacza to \u017ce z dniem rozwi\u0105zania umowy pracownik traci status osoby zatrudnionej, ale zachowuje prawo do zasi\u0142ku. <strong>Nale\u017cy pami\u0119ta\u0107, \u017ce kobieta przebywaj\u0105ca na urlopie macierzy\u0144skim jest chroniona stosunkiem prawnym i nie mo\u017ce zosta\u0107 zwolniona.<\/strong><\/p>\n<h2>Kiedy wyp\u0142acany jest zasi\u0142ek macierzy\u0144ski?<\/h2>\n<p>Zasi\u0142ek macierzy\u0144ski wyp\u0142acany jest <strong>nie p&oacute;\u017aniej ni\u017c w ci\u0105gu 30 dni od daty z\u0142o\u017cenia dokument&oacute;w<\/strong> wymaganych do stwierdzenia uprawnie\u0144 do przyznania zasi\u0142ku.<\/p>\n<h3>Czy przyznanie urlopu macierzy\u0144skiego przed porodem jest mo\u017cliwe?<\/h3>\n<p>Tak. Urlop macierzy\u0144ski mo\u017ce zosta\u0107 rozpocz\u0119ty ju\u017c przed porodem. W&oacute;wczas pe\u0142ny wymiar urlopu macierzy\u0144skiego nale\u017cnego osobie ubezpieczonej po porodzie jest zmniejszony o&nbsp;liczb\u0119 dni wykorzystanego \u015bwiadczenia przed porodem. Pracownica na sw&oacute;j wniosek mo\u017ce wykorzysta\u0107 do maksymalnie 6. tygodni urlopu przed porodem.<\/p>\n<h2>Co po urlopie macierzy\u0144skim?<\/h2>\n<p>Po urlopie macierzy\u0144skim istnieje wiele dr&oacute;g, z kt&oacute;rych mo\u017ce skorzysta\u0107 ka\u017cda matka, po pierwsze powr&oacute;t do pracy i kontynuacja wykonywania obowi\u0105zk&oacute;w w miejscu dotychczasowego zatrudnienia lub poszukiwanie nowej pracy. Po zako\u0144czonym urlopie, matka mo\u017ce skorzysta\u0107 z form wsparcia dla rodzic&oacute;w, takich jak opiekunka dla dziecka, przedszkole lub <a href=\"https:\/\/yoopies.pl\/c\/opiekunka-do-dziecka\/wychowanie-i-rozwoj\/informacje-zlobek\/zlobek\">\u017c\u0142obek<\/a>. <\/p>\n<p>Niekt&oacute;re firmy oferuj\u0105 wiele elastycznych podej\u015b\u0107 i rozwi\u0105za\u0144 w celu jak najlepszego \u0142\u0105czenia \u017cycia rodzinnego z prac\u0105. Poza tym <strong>wyd\u0142u\u017cenie urlopu macierzy\u0144skiego<\/strong> oraz p&oacute;\u017aniejsze skorzystanie z urlopu rodzicielskiego stanowi wyb&oacute;r dla wielu kobiet. Suma wszystkich dni daje rok sp\u0119dzony z nowonarodzonym dzieckiem.<\/p>\n<h3><strong>Cz\u0119sto zadawane pytania<\/strong><\/h3>\n<ul>\n<li>Czy informacja o urlopie macierzy\u0144skim pojawia si\u0119 w \u015bwiadectwie pracy?<\/li>\n<\/ul>\n<p>Informacja o przebywaniu na urlopie macierzy\u0144skim zazwyczaj nie pojawia si\u0119 w \u015bwiadectwie pracy.<\/p>\n<p>\u015awiadectwo pracy jest dokumentem potwierdzaj\u0105cym zatrudnienie i okres pracy danego pracownika, przez co najcz\u0119\u015bciej nie zawiera szczeg&oacute;\u0142owych informacji na temat r&oacute;\u017cnego rodzaju urlop&oacute;w, np. <a href=\"https:\/\/yoopies.pl\/c\/opiekunka-do-dziecka\/urlop-wychowawczy\">urlopu wychowawczego<\/a> lub urlopu macierzy\u0144skiego. <\/p>\n<ul>\n<li>Jak wygl\u0105da urlop macierzy\u0144ski dla ojca?<\/li>\n<\/ul>\n<p><a href=\"https:\/\/yoopies.pl\/c\/opiekunka-do-dziecka\/porady-dla-rodzicow-i-nian\/urlop-macierzynski-tacierzynski\/urlop-tacierzynski\">Urlop tacierzy\u0144ski<\/a>, czyli niewykorzystany przez matk\u0119 urlop macierzy\u0144ski stanowi dni wolne przys\u0142uguj\u0105ce ojcu i wynosi do maksymalnie 6 tygodni. W przypadku gdy urlop macierzy\u0144ski nie przys\u0142uguje matce, ojciec nie mo\u017ce skorzysta\u0107 z urlopu tacierzy\u0144skiego.<\/p>\n<ul>\n<li>Czym r&oacute;\u017cni si\u0119 urlop macierzy\u0144ski od urlopu rodzicielskiego?<\/li>\n<\/ul>\n<p>Urlop macierzy\u0144ski i urlop rodzicielski stanowi\u0105 dwie r&oacute;\u017cne formy urlopu zwi\u0105zane z opiek\u0105 nad dzieckiem. Urlop macierzy\u0144ski przys\u0142uguje matce po urodzeniu lub adopcji dziecka i jest skoncentrowany na okresie bezpo\u015brednio po narodzinach. Urlop rodzicielski przys\u0142uguje jednemu lub obu rodzicom i mo\u017ce trwa\u0107 do 32 tygodni z zaznaczeniem podzia\u0142u trwania mi\u0119dzy rodzicami wed\u0142ug ich preferencji.<\/p>\n<ul>\n<li>Czy po powrocie z urlopu macierzy\u0144skiego mo\u017cna zmieni\u0107 stanowisko pracy?<\/li>\n<\/ul>\n<p><strong>Po zako\u0144czonym okresie urlopowym, pracownik nie jest obj\u0119ty ochron\u0105 stosunku pracy<\/strong>, a zatem mo\u017ce zmieni\u0107 stanowisko pracy lub otrzyma\u0107 wypowiedzenie umowy o prac\u0119 na zasadach og&oacute;lnych okre\u015blonych przepisami prawa pracy.<\/p>\n<h2>Podsumowanie, urlop macierzy\u0144ski<\/h2>\n<p>Urlop macierzy\u0144ski stanowi istotny okres w \u017cyciu ka\u017cdej matki, pozwalaj\u0105c na zadbanie o zdrowie i dobro nowonarodzonego dziecka. D\u0142ugo\u015b\u0107 i warunki przyznania mog\u0105 r&oacute;\u017cni\u0107 si\u0119 w zale\u017cno\u015bci od indywidualnych okoliczno\u015bci, dlatego tak istotne jest zapoznanie si\u0119 z aktualnymi wymogami i procedurami. Urlop przys\u0142uguje matkom, kt&oacute;re urodzi\u0142y lub adoptowa\u0142y dziecko oraz s\u0105 obj\u0119te sk\u0142adkami z tytu\u0142u ubezpieczenia chorobowego na okres co najmniej 20 tygodni na podstawie z\u0142o\u017conego wcze\u015bniej wniosku. Przyjmowaniem i rozpatrywaniem wniosk&oacute;w zajmuje si\u0119 ZUS.<\/p>\n<p><strong>Przygotowano na podstawie<\/strong><\/p>\n<p>Ustawa z dnia 26 czerwca 1974 r. &#8211; Kodeks pracy (Dz. U. z 2022 r. poz. 1510, z p&oacute;\u017an. zm.);<\/p>\n<p>Rozporz\u0105dzenie Ministra Rodziny, Pracy i Polityki Spo\u0142ecznej z dnia 8 grudnia 2015 r. w sprawie wniosk&oacute;w dotycz\u0105cych uprawnie\u0144 pracownik&oacute;w zwi\u0105zanych z rodzicielstwem oraz dokument&oacute;w do\u0142\u0105czanych do takich wniosk&oacute;w (Dz. U. z 2015 r. poz. 2243, z p&oacute;\u017an. zm.);<\/p>\n<p>Ustawa z dnia 25 czerwca 1999 r. o \u015bwiadczeniach pieni\u0119\u017cnych z ubezpieczenia spo\u0142ecznego w razie choroby i macierzy\u0144stwa (Dz. U. z 2022 r. poz. 1732, z p&oacute;\u017an. zm.).<\/p><\/p>\n","protected":false},"excerpt":{"rendered":"<p>Urlop macierzy\u0144ski jak wskazuje sama nazwa jest form\u0105 urlopu, kt&oacute;ra przys\u0142uguje po urodzeniu lub po &hellip; <\/p>\n","protected":false},"author":0,"featured_media":188,"parent":0,"menu_order":0,"comment_status":"closed","ping_status":"closed","template":"","meta":{"_acf_changed":false,"footnotes":""},"class_list":["post-185","page","type-page","status-publish","has-post-thumbnail","hentry"],"acf":[],"yoast_head":"<!-- This site is optimized with the Yoast SEO plugin v26.9 - https:\/\/yoast.com\/product\/yoast-seo-wordpress\/ -->\n<title>Jak wygl\u0105da Urlop Macierzy\u0144ski | Wniosek, p\u0142atno\u015b\u0107 w 2024<\/title>\n<meta name=\"description\" content=\"Informacje o urlopie macierzy\u0144skim \u2714 Ile p\u0142atny jest urlop macierzy\u0144ski \u2714 Jak napisa\u0107 wniosek \u2714 Umowa zlecenie i o dzie\u0142o a urlop dla mamy \u2714\" \/>\n<meta name=\"robots\" content=\"index, follow, max-snippet:-1, max-image-preview:large, max-video-preview:-1\" \/>\n<link rel=\"canonical\" href=\"https:\/\/yoopies.pl\/c\/urlop-macierzynski\/\" \/>\n<meta property=\"og:locale\" content=\"pl_PL\" \/>\n<meta property=\"og:type\" content=\"article\" \/>\n<meta property=\"og:title\" content=\"Jak wygl\u0105da Urlop Macierzy\u0144ski | Wniosek, p\u0142atno\u015b\u0107 w 2024\" \/>\n<meta property=\"og:description\" content=\"Informacje o urlopie macierzy\u0144skim \u2714 Ile p\u0142atny jest urlop macierzy\u0144ski \u2714 Jak napisa\u0107 wniosek \u2714 Umowa zlecenie i o dzie\u0142o a urlop dla mamy \u2714\" \/>\n<meta property=\"og:url\" content=\"https:\/\/yoopies.pl\/c\/urlop-macierzynski\/\" \/>\n<meta property=\"og:site_name\" content=\"Yoopies Polska\" \/>\n<meta property=\"article:modified_time\" content=\"2025-03-27T08:57:31+00:00\" \/>\n<meta property=\"og:image\" content=\"https:\/\/yoopies.pl\/c\/wp-content\/uploads\/sites\/2\/2024\/06\/zlsgekwthyxtt0tf-397.jpg\" \/>\n\t<meta property=\"og:image:width\" content=\"600\" \/>\n\t<meta property=\"og:image:height\" content=\"300\" \/>\n\t<meta property=\"og:image:type\" content=\"image\/jpeg\" \/>\n<meta name=\"twitter:card\" content=\"summary_large_image\" \/>\n<meta name=\"twitter:label1\" content=\"Szacowany czas czytania\" \/>\n\t<meta name=\"twitter:data1\" content=\"9 minut\" \/>\n<script type=\"application\/ld+json\" class=\"yoast-schema-graph\">{\"@context\":\"https:\/\/schema.org\",\"@graph\":[{\"@type\":\"WebPage\",\"@id\":\"https:\/\/yoopies.pl\/c\/urlop-macierzynski\/\",\"url\":\"https:\/\/yoopies.pl\/c\/urlop-macierzynski\/\",\"name\":\"Jak wygl\u0105da Urlop Macierzy\u0144ski | Wniosek, p\u0142atno\u015b\u0107 w 2024\",\"isPartOf\":{\"@id\":\"https:\/\/yoopies.pl\/c\/#website\"},\"primaryImageOfPage\":{\"@id\":\"https:\/\/yoopies.pl\/c\/urlop-macierzynski\/#primaryimage\"},\"image\":{\"@id\":\"https:\/\/yoopies.pl\/c\/urlop-macierzynski\/#primaryimage\"},\"thumbnailUrl\":\"https:\/\/yoopies.pl\/c\/wp-content\/uploads\/sites\/2\/2024\/06\/zlsgekwthyxtt0tf-397.jpg\",\"datePublished\":\"2024-06-05T09:06:11+00:00\",\"dateModified\":\"2025-03-27T08:57:31+00:00\",\"description\":\"Informacje o urlopie macierzy\u0144skim \u2714 Ile p\u0142atny jest urlop macierzy\u0144ski \u2714 Jak napisa\u0107 wniosek \u2714 Umowa zlecenie i o dzie\u0142o a urlop dla mamy \u2714\",\"breadcrumb\":{\"@id\":\"https:\/\/yoopies.pl\/c\/urlop-macierzynski\/#breadcrumb\"},\"inLanguage\":\"pl-PL\",\"potentialAction\":[{\"@type\":\"ReadAction\",\"target\":[\"https:\/\/yoopies.pl\/c\/urlop-macierzynski\/\"]}]},{\"@type\":\"ImageObject\",\"inLanguage\":\"pl-PL\",\"@id\":\"https:\/\/yoopies.pl\/c\/urlop-macierzynski\/#primaryimage\",\"url\":\"https:\/\/yoopies.pl\/c\/wp-content\/uploads\/sites\/2\/2024\/06\/zlsgekwthyxtt0tf-397.jpg\",\"contentUrl\":\"https:\/\/yoopies.pl\/c\/wp-content\/uploads\/sites\/2\/2024\/06\/zlsgekwthyxtt0tf-397.jpg\",\"width\":600,\"height\":300},{\"@type\":\"BreadcrumbList\",\"@id\":\"https:\/\/yoopies.pl\/c\/urlop-macierzynski\/#breadcrumb\",\"itemListElement\":[{\"@type\":\"ListItem\",\"position\":1,\"name\":\"Home\",\"item\":\"https:\/\/yoopies.pl\/c\/\"},{\"@type\":\"ListItem\",\"position\":2,\"name\":\"Urlop i zasi\u0142ek macierzy\u0144ski | Wniosek oraz wysoko\u015b\u0107 zasi\u0142ku dla mam\"}]},{\"@type\":\"WebSite\",\"@id\":\"https:\/\/yoopies.pl\/c\/#website\",\"url\":\"https:\/\/yoopies.pl\/c\/\",\"name\":\"Yoopies Polska\",\"description\":\"\",\"publisher\":{\"@id\":\"https:\/\/yoopies.pl\/c\/#organization\"},\"potentialAction\":[{\"@type\":\"SearchAction\",\"target\":{\"@type\":\"EntryPoint\",\"urlTemplate\":\"https:\/\/yoopies.pl\/c\/?s={search_term_string}\"},\"query-input\":{\"@type\":\"PropertyValueSpecification\",\"valueRequired\":true,\"valueName\":\"search_term_string\"}}],\"inLanguage\":\"pl-PL\"},{\"@type\":\"Organization\",\"@id\":\"https:\/\/yoopies.pl\/c\/#organization\",\"name\":\"Yoopies Polska\",\"url\":\"https:\/\/yoopies.pl\/c\/\",\"logo\":{\"@type\":\"ImageObject\",\"inLanguage\":\"pl-PL\",\"@id\":\"https:\/\/yoopies.pl\/c\/#\/schema\/logo\/image\/\",\"url\":\"https:\/\/yoopies.pl\/c\/wp-content\/uploads\/sites\/2\/2025\/04\/cropped-Logo_Yoopies-2.png\",\"contentUrl\":\"https:\/\/yoopies.pl\/c\/wp-content\/uploads\/sites\/2\/2025\/04\/cropped-Logo_Yoopies-2.png\",\"width\":512,\"height\":512,\"caption\":\"Yoopies Polska\"},\"image\":{\"@id\":\"https:\/\/yoopies.pl\/c\/#\/schema\/logo\/image\/\"}}]}<\/script>\n<!-- \/ Yoast SEO plugin. -->","yoast_head_json":{"title":"Jak wygl\u0105da Urlop Macierzy\u0144ski | Wniosek, p\u0142atno\u015b\u0107 w 2024","description":"Informacje o urlopie macierzy\u0144skim \u2714 Ile p\u0142atny jest urlop macierzy\u0144ski \u2714 Jak napisa\u0107 wniosek \u2714 Umowa zlecenie i o dzie\u0142o a urlop dla mamy \u2714","robots":{"index":"index","follow":"follow","max-snippet":"max-snippet:-1","max-image-preview":"max-image-preview:large","max-video-preview":"max-video-preview:-1"},"canonical":"https:\/\/yoopies.pl\/c\/urlop-macierzynski\/","og_locale":"pl_PL","og_type":"article","og_title":"Jak wygl\u0105da Urlop Macierzy\u0144ski | Wniosek, p\u0142atno\u015b\u0107 w 2024","og_description":"Informacje o urlopie macierzy\u0144skim \u2714 Ile p\u0142atny jest urlop macierzy\u0144ski \u2714 Jak napisa\u0107 wniosek \u2714 Umowa zlecenie i o dzie\u0142o a urlop dla mamy \u2714","og_url":"https:\/\/yoopies.pl\/c\/urlop-macierzynski\/","og_site_name":"Yoopies Polska","article_modified_time":"2025-03-27T08:57:31+00:00","og_image":[{"width":600,"height":300,"url":"https:\/\/yoopies.pl\/c\/wp-content\/uploads\/sites\/2\/2024\/06\/zlsgekwthyxtt0tf-397.jpg","type":"image\/jpeg"}],"twitter_card":"summary_large_image","twitter_misc":{"Szacowany czas czytania":"9 minut"},"schema":{"@context":"https:\/\/schema.org","@graph":[{"@type":"WebPage","@id":"https:\/\/yoopies.pl\/c\/urlop-macierzynski\/","url":"https:\/\/yoopies.pl\/c\/urlop-macierzynski\/","name":"Jak wygl\u0105da Urlop Macierzy\u0144ski | Wniosek, p\u0142atno\u015b\u0107 w 2024","isPartOf":{"@id":"https:\/\/yoopies.pl\/c\/#website"},"primaryImageOfPage":{"@id":"https:\/\/yoopies.pl\/c\/urlop-macierzynski\/#primaryimage"},"image":{"@id":"https:\/\/yoopies.pl\/c\/urlop-macierzynski\/#primaryimage"},"thumbnailUrl":"https:\/\/yoopies.pl\/c\/wp-content\/uploads\/sites\/2\/2024\/06\/zlsgekwthyxtt0tf-397.jpg","datePublished":"2024-06-05T09:06:11+00:00","dateModified":"2025-03-27T08:57:31+00:00","description":"Informacje o urlopie macierzy\u0144skim \u2714 Ile p\u0142atny jest urlop macierzy\u0144ski \u2714 Jak napisa\u0107 wniosek \u2714 Umowa zlecenie i o dzie\u0142o a urlop dla mamy \u2714","breadcrumb":{"@id":"https:\/\/yoopies.pl\/c\/urlop-macierzynski\/#breadcrumb"},"inLanguage":"pl-PL","potentialAction":[{"@type":"ReadAction","target":["https:\/\/yoopies.pl\/c\/urlop-macierzynski\/"]}]},{"@type":"ImageObject","inLanguage":"pl-PL","@id":"https:\/\/yoopies.pl\/c\/urlop-macierzynski\/#primaryimage","url":"https:\/\/yoopies.pl\/c\/wp-content\/uploads\/sites\/2\/2024\/06\/zlsgekwthyxtt0tf-397.jpg","contentUrl":"https:\/\/yoopies.pl\/c\/wp-content\/uploads\/sites\/2\/2024\/06\/zlsgekwthyxtt0tf-397.jpg","width":600,"height":300},{"@type":"BreadcrumbList","@id":"https:\/\/yoopies.pl\/c\/urlop-macierzynski\/#breadcrumb","itemListElement":[{"@type":"ListItem","position":1,"name":"Home","item":"https:\/\/yoopies.pl\/c\/"},{"@type":"ListItem","position":2,"name":"Urlop i zasi\u0142ek macierzy\u0144ski | Wniosek oraz wysoko\u015b\u0107 zasi\u0142ku dla mam"}]},{"@type":"WebSite","@id":"https:\/\/yoopies.pl\/c\/#website","url":"https:\/\/yoopies.pl\/c\/","name":"Yoopies Polska","description":"","publisher":{"@id":"https:\/\/yoopies.pl\/c\/#organization"},"potentialAction":[{"@type":"SearchAction","target":{"@type":"EntryPoint","urlTemplate":"https:\/\/yoopies.pl\/c\/?s={search_term_string}"},"query-input":{"@type":"PropertyValueSpecification","valueRequired":true,"valueName":"search_term_string"}}],"inLanguage":"pl-PL"},{"@type":"Organization","@id":"https:\/\/yoopies.pl\/c\/#organization","name":"Yoopies Polska","url":"https:\/\/yoopies.pl\/c\/","logo":{"@type":"ImageObject","inLanguage":"pl-PL","@id":"https:\/\/yoopies.pl\/c\/#\/schema\/logo\/image\/","url":"https:\/\/yoopies.pl\/c\/wp-content\/uploads\/sites\/2\/2025\/04\/cropped-Logo_Yoopies-2.png","contentUrl":"https:\/\/yoopies.pl\/c\/wp-content\/uploads\/sites\/2\/2025\/04\/cropped-Logo_Yoopies-2.png","width":512,"height":512,"caption":"Yoopies Polska"},"image":{"@id":"https:\/\/yoopies.pl\/c\/#\/schema\/logo\/image\/"}}]}},"_links":{"self":[{"href":"https:\/\/yoopies.pl\/c\/wp-json\/wp\/v2\/pages\/185","targetHints":{"allow":["GET"]}}],"collection":[{"href":"https:\/\/yoopies.pl\/c\/wp-json\/wp\/v2\/pages"}],"about":[{"href":"https:\/\/yoopies.pl\/c\/wp-json\/wp\/v2\/types\/page"}],"replies":[{"embeddable":true,"href":"https:\/\/yoopies.pl\/c\/wp-json\/wp\/v2\/comments?post=185"}],"version-history":[{"count":1,"href":"https:\/\/yoopies.pl\/c\/wp-json\/wp\/v2\/pages\/185\/revisions"}],"predecessor-version":[{"id":189,"href":"https:\/\/yoopies.pl\/c\/wp-json\/wp\/v2\/pages\/185\/revisions\/189"}],"wp:featuredmedia":[{"embeddable":true,"href":"https:\/\/yoopies.pl\/c\/wp-json\/wp\/v2\/media\/188"}],"wp:attachment":[{"href":"https:\/\/yoopies.pl\/c\/wp-json\/wp\/v2\/media?parent=185"}],"curies":[{"name":"wp","href":"https:\/\/api.w.org\/{rel}","templated":true}]}}