{"id":43,"date":"2023-06-20T09:44:34","date_gmt":"2023-06-20T09:44:34","guid":{"rendered":"https:\/\/blog.yoopies.pl\/emerytura\/"},"modified":"2025-03-27T08:57:05","modified_gmt":"2025-03-27T08:57:05","slug":"emerytura","status":"publish","type":"page","link":"https:\/\/yoopies.pl\/c\/emerytura\/","title":{"rendered":"Emerytura &#8211; informacja o \u015bwiadczeniu emerytalnym w 2023 roku, ile wynosi minimalna emerytura, czym jest sta\u017cowe i kogo obowi\u0105zuje"},"content":{"rendered":"<p><h2>Czym jest emerytura?<\/h2>\n<p>Emerytura stanowi comiesi\u0119czne \u015bwiadczenie pieni\u0119\u017cne wyp\u0142acane z Funduszu Ubezpiecze\u0144 Spo\u0142ecznych (FUS), kt&oacute;re przys\u0142uguje w ramach zabezpieczenia spo\u0142ecznego w zale\u017cno\u015bci od ju\u017c osi\u0105gni\u0119tego lub przewidywanego osi\u0105gni\u0119cia wieku emerytalnego. Emerytura przys\u0142uguje osobom, kt&oacute;re pracowa\u0142y zawodowo i podlega\u0142y z tego tytu\u0142u ubezpieczeniom spo\u0142ecznym.<\/p>\n<h2>Co to jest wiek emerytalny i kiedy mo\u017cna przej\u015b\u0107 na emerytur\u0119?<\/h2>\n<p>Wiek emerytalny stanowi granic\u0119, po kt&oacute;rej przekroczeniu dana osoba staje si\u0119 uprawniona do pobierania emerytury. Wiek emerytalny r&oacute;\u017cni si\u0119 w zale\u017cno\u015bci od p\u0142ci i warunk&oacute;w zatrudnienia. W Polsce w 2023 roku wiek emerytalny wynosi <strong>60 lat dla kobiet <\/strong>oraz <strong>65 lat dla m\u0119\u017cczyzn.<\/strong><\/p>\n<p class=\"block-img\"><img decoding=\"async\" src=\"https:\/\/images.prismic.io\/yoopies-cms\/c0ee3473-f266-4bde-837f-a6beca4a9466_Najlepsze+opiekunki+do+znalezienia+na+Yoopies+%286%29.png?auto=compress,format\" alt=\"Osoby b\u0119d\u0105ce na emeryturze w 2023 roku\"><\/p>\n<h3>Czy po osi\u0105gni\u0119ciu wieku emerytalnego trzeba przej\u015b\u0107 na emerytur\u0119?<\/h3>\n<p><strong>Nie. <\/strong>Osoba, kt&oacute;ra przekroczy\u0142a wiek emerytalny mo\u017ce zdecydowa\u0107 si\u0119 czy chce przej\u015b\u0107 na emerytur\u0119 czy woli kontynuowa\u0107 prac\u0119 w zawodzie.<\/p>\n<\/p>\n<p><a class=\"button\" href=\"https:\/\/yoopies.pl\">Sprawd\u017a co nowego czeka na Yoopies!<\/a><\/p>\n<p><h2>W jaki spos&oacute;b obliczy\u0107 emerytur\u0119 w 2023 roku?<\/h2>\n<p>Wysoko\u015b\u0107 przysz\u0142ej emerytury w skr&oacute;cie polega na podzieleniu wysoko\u015bci uzbieranego kapita\u0142u tzw. podstawy przez \u015bredni czas dalszego trwania \u017cycia, licz\u0105c od momentu przej\u015bcia na emerytur\u0119. Obliczenie emerytury w 2023 roku stanowi wyzwanie dla wielu os&oacute;b, st\u0105d najlepszym sposobem jest skorzystanie z <a target=\"_blank\" rel=\"noopener\" href=\"https:\/\/www.zus.pl\/swiadczenia\/emerytury\/kalkulatory-emerytalne\/emerytura-na-nowych-zasadach\/kalkulator-emerytalny-prognozowana-emerytura\/wersja-uproszczona\">kalkulator&oacute;w do obliczenia wysoko\u015bci \u015bwiadczenia.<\/a><\/p>\n<h2>W jaki spos&oacute;b przej\u015b\u0107 na emerytur\u0119?<\/h2>\n<p>Je\u015bli dana osoba urodzi\u0142a si\u0119 po 31 grudnia 1948 r., emerytura zostanie przyznana, je\u015bli:<\/p>\n<ul>\n<li>zosta\u0142 uko\u0144czony powszechny wiek emerytalny tj. <strong>60 lat dla kobiet <\/strong>oraz <strong>65 lat dla m\u0119\u017cczyzn<\/strong>;<\/li>\n<li>op\u0142acono sk\u0142adki z tytu\u0142u ubezpieczenia spo\u0142ecznego lub ubezpieczenia emerytalnego przynajmniej przez jeden dzie\u0144;<\/li>\n<li>dana osoba <strong>nie posiada <\/strong>emerytury przyznanej z powodu uko\u0144czenia podwy\u017cszonego wieku emerytalnego.<\/li>\n<\/ul>\n<p>Emerytura przyznaje si\u0119 od miesi\u0105ca, w kt&oacute;rym zostanie z\u0142o\u017cony wniosek o emerytur\u0119, jednak nie wcze\u015bnie ni\u017c po uko\u0144czeniu powszechnego wieku emerytalnego.<\/p>\n<h3>Gdzie i jaki wniosek o emerytur\u0119 z\u0142o\u017cy\u0107?<\/h3>\n<p>Wniosek o przyznanie \u015bwiadczenia emerytalnego sk\u0142ada si\u0119 na formularzu EMP dost\u0119pnym w Internecie oraz ka\u017cdej plac&oacute;wce Zak\u0142adu Ubezpiecze\u0144 Spo\u0142ecznych (ZUS). Do wype\u0142nionego wniosku nale\u017cy do\u0142\u0105czy\u0107 dokument potwierdzaj\u0105cy informacje o okresach sk\u0142adkowych i niesk\u0142adkowych.<\/p>\n<h3>Okresy sk\u0142adkowe i niesk\u0142adkowe, czym s\u0105?<\/h3>\n<p><strong>Okresy sk\u0142adkowe <\/strong>rozumie si\u0119 jako okresy aktywno\u015bci zawodowej, za kt&oacute;re by\u0142y op\u0142acane sk\u0142adki na ubezpieczenia spo\u0142eczne m.in. okres pracy, prowadzenia dzia\u0142alno\u015bci gospodarczej, <a href=\"https:\/\/yoopies.pl\/c\/opiekunka-do-dziecka\/urlop-wychowawczy\">urlopu wychowawczego<\/a>, <a href=\"https:\/\/yoopies.pl\/c\/opiekunka-do-dziecka\/porady-dla-rodzicow-i-nian\/urlop-macierzynski-tacierzynski\/urlop-macierzynski\">urlopu macierzy\u0144skiego<\/a> lub <a href=\"https:\/\/yoopies.pl\/c\/opiekunka-do-dziecka\/porady-dla-rodzicow-i-nian\/urlop-macierzynski-tacierzynski\/urlop-tacierzynski\">urlopu tacierzy\u0144skiego<\/a>, wsp&oacute;\u0142pracy. <strong>Okres niesk\u0142adkowy <\/strong>jest okresem, za kt&oacute;ry sk\u0142adki nie zosta\u0142y op\u0142acone i jest to np. okres pobierania wynagrodzenia chorobowego, urlopu bezp\u0142atnego, pobierania \u015bwiadczenia rehabilitacyjnego.<\/p>\n<h2>Ile wynosi emerytura minimalna brutto i netto w 2023 roku?<\/h2>\n<p>Wysoko\u015b\u0107 minimalnej emerytury brutto w 2023 roku wynosi <strong>1588,44 z\u0142<\/strong>, co przek\u0142ada si\u0119 na kwot\u0119 netto r&oacute;wn\u0105 <strong>1445,48 z\u0142<\/strong><\/p>\n<h3>Ile wynosi przeci\u0119tne emerytura w 2023 roku?<\/h3>\n<p>Przeci\u0119tna wysoko\u015b\u0107 \u015bwiadczenia emerytalnego w 2023 roku wynosi\u0142a dwukrotno\u015b\u0107 minimalnej emerytury i wynios\u0142a <strong>3 482,63 z\u0142.<\/strong><\/p>\n<h2>Emerytura sta\u017cowa, czym jest i kogo obowi\u0105zuje<\/h2>\n<p>Emerytura sta\u017cowa stanowi koncept oparty na <strong>sta\u017cu pracy<\/strong>, a nie na wieku emerytalnym i stanowi\u0105 o przej\u015bciu na emerytur\u0119 os&oacute;b z odpowiednim sta\u017cem ubezpieczeniowym tj. <strong>35 lat dla kobiet <\/strong>oraz <strong>40 lat dla m\u0119\u017cczyzn.<\/strong><\/p>\n<p>Osoby posiadaj\u0105ce odpowiedni sta\u017c pracy zgodnie z projektem emerytur sta\u017cowych mog\u0105 przej\u015b\u0107 na emerytur\u0119 przed osi\u0105gni\u0119ciem powszechnej granicy wieku emerytalnego. Projekt stanowi propozycj\u0119 zgodn\u0105 z oczekiwaniami rynku i spo\u0142eczno\u015bci, kt&oacute;ra ze wzgl\u0119du na d\u0142ugi sta\u017c pracy oraz wyczerpanie si\u0142, nie jest w stanie kontynuowa\u0107 pracy a\u017c do osi\u0105gni\u0119cia wieku emerytalnego.<\/p>\n<h3>Kto b\u0119dzie obj\u0119ty zmianami emerytur sta\u017cowych?<\/h3>\n<p>Zgodnie z projektem, nowe zasady maj\u0105 dotyczy\u0107 wy\u0142\u0105cznie os&oacute;b urodzonych po 31 grudnia 1948 r. a przej\u015bcie na emerytur\u0119 sta\u017cow\u0105 b\u0119dzie dobrowolne. <\/p>\n<h3>Przyk\u0142ad dla emerytury sta\u017cowej<\/h3>\n<p>M\u0119\u017cczyzna, kt&oacute;ry rozpocz\u0105\u0142 prac\u0119 w wieku 20 lat, po przepracowaniu  40 lat b\u0119dzie mia\u0142 prawo przej\u015b\u0107 na emerytur\u0119 w wieku 60 lat, a nie jak dotychczas 65.<\/p>\n<h3>Ile wynosi emerytura sta\u017cowa?<\/h3>\n<p>Emerytura sta\u017cowa nie mo\u017ce by\u0107 ni\u017csza od minimalnej emerytury krajowej tj. <strong>1445,48 z\u0142 <\/strong>a jej kwota jest ustalona indywidualnie w zwi\u0105zku z warto\u015bci\u0105 odprowadzonych sk\u0142adek.<\/p><\/p>\n","protected":false},"excerpt":{"rendered":"<p>Czym jest emerytura? Emerytura stanowi comiesi\u0119czne \u015bwiadczenie pieni\u0119\u017cne wyp\u0142acane z Funduszu Ubezpiecze\u0144 Spo\u0142ecznych (FUS), kt&oacute;re &hellip; <\/p>\n","protected":false},"author":0,"featured_media":0,"parent":0,"menu_order":0,"comment_status":"closed","ping_status":"closed","template":"","meta":{"_acf_changed":false,"footnotes":""},"class_list":["post-43","page","type-page","status-publish","hentry"],"acf":[],"yoast_head":"<!-- This site is optimized with the Yoast SEO plugin v26.9 - https:\/\/yoast.com\/product\/yoast-seo-wordpress\/ -->\n<title>Emerytura - wniosek, minimalna wysoko\u015b\u0107 2023<\/title>\n<meta name=\"description\" content=\"Sprawd\u017a, ile wynosi emerytura w 2023 roku, czym jest emerytura sta\u017cowa i kogo obowi\u0105zuje. Jakie dokumenty z\u0142o\u017cy\u0107, aby otrzyma\u0107 \u015bwiadczenie emerytalne w 2023 roku?\" \/>\n<meta name=\"robots\" content=\"index, follow, max-snippet:-1, max-image-preview:large, max-video-preview:-1\" \/>\n<link rel=\"canonical\" href=\"https:\/\/yoopies.pl\/c\/emerytura\/\" \/>\n<meta property=\"og:locale\" content=\"pl_PL\" \/>\n<meta property=\"og:type\" content=\"article\" \/>\n<meta property=\"og:title\" content=\"Emerytura - wniosek, minimalna wysoko\u015b\u0107 2023\" \/>\n<meta property=\"og:description\" content=\"Sprawd\u017a, ile wynosi emerytura w 2023 roku, czym jest emerytura sta\u017cowa i kogo obowi\u0105zuje. Jakie dokumenty z\u0142o\u017cy\u0107, aby otrzyma\u0107 \u015bwiadczenie emerytalne w 2023 roku?\" \/>\n<meta property=\"og:url\" content=\"https:\/\/yoopies.pl\/c\/emerytura\/\" \/>\n<meta property=\"og:site_name\" content=\"Yoopies Polska\" \/>\n<meta property=\"article:modified_time\" content=\"2025-03-27T08:57:05+00:00\" \/>\n<meta property=\"og:image\" content=\"https:\/\/images.prismic.io\/yoopies-cms\/c0ee3473-f266-4bde-837f-a6beca4a9466_Najlepsze+opiekunki+do+znalezienia+na+Yoopies+%286%29.png?auto=compress,format\" \/>\n<meta name=\"twitter:card\" content=\"summary_large_image\" \/>\n<meta name=\"twitter:label1\" content=\"Szacowany czas czytania\" \/>\n\t<meta name=\"twitter:data1\" content=\"4 minuty\" \/>\n<script type=\"application\/ld+json\" class=\"yoast-schema-graph\">{\"@context\":\"https:\/\/schema.org\",\"@graph\":[{\"@type\":\"WebPage\",\"@id\":\"https:\/\/yoopies.pl\/c\/emerytura\/\",\"url\":\"https:\/\/yoopies.pl\/c\/emerytura\/\",\"name\":\"Emerytura - wniosek, minimalna wysoko\u015b\u0107 2023\",\"isPartOf\":{\"@id\":\"https:\/\/yoopies.pl\/c\/#website\"},\"primaryImageOfPage\":{\"@id\":\"https:\/\/yoopies.pl\/c\/emerytura\/#primaryimage\"},\"image\":{\"@id\":\"https:\/\/yoopies.pl\/c\/emerytura\/#primaryimage\"},\"thumbnailUrl\":\"https:\/\/images.prismic.io\/yoopies-cms\/c0ee3473-f266-4bde-837f-a6beca4a9466_Najlepsze+opiekunki+do+znalezienia+na+Yoopies+%286%29.png?auto=compress,format\",\"datePublished\":\"2023-06-20T09:44:34+00:00\",\"dateModified\":\"2025-03-27T08:57:05+00:00\",\"description\":\"Sprawd\u017a, ile wynosi emerytura w 2023 roku, czym jest emerytura sta\u017cowa i kogo obowi\u0105zuje. Jakie dokumenty z\u0142o\u017cy\u0107, aby otrzyma\u0107 \u015bwiadczenie emerytalne w 2023 roku?\",\"breadcrumb\":{\"@id\":\"https:\/\/yoopies.pl\/c\/emerytura\/#breadcrumb\"},\"inLanguage\":\"pl-PL\",\"potentialAction\":[{\"@type\":\"ReadAction\",\"target\":[\"https:\/\/yoopies.pl\/c\/emerytura\/\"]}]},{\"@type\":\"ImageObject\",\"inLanguage\":\"pl-PL\",\"@id\":\"https:\/\/yoopies.pl\/c\/emerytura\/#primaryimage\",\"url\":\"https:\/\/images.prismic.io\/yoopies-cms\/c0ee3473-f266-4bde-837f-a6beca4a9466_Najlepsze+opiekunki+do+znalezienia+na+Yoopies+%286%29.png?auto=compress,format\",\"contentUrl\":\"https:\/\/images.prismic.io\/yoopies-cms\/c0ee3473-f266-4bde-837f-a6beca4a9466_Najlepsze+opiekunki+do+znalezienia+na+Yoopies+%286%29.png?auto=compress,format\"},{\"@type\":\"BreadcrumbList\",\"@id\":\"https:\/\/yoopies.pl\/c\/emerytura\/#breadcrumb\",\"itemListElement\":[{\"@type\":\"ListItem\",\"position\":1,\"name\":\"Home\",\"item\":\"https:\/\/yoopies.pl\/c\/\"},{\"@type\":\"ListItem\",\"position\":2,\"name\":\"Emerytura &#8211; informacja o \u015bwiadczeniu emerytalnym w 2023 roku, ile wynosi minimalna emerytura, czym jest sta\u017cowe i kogo obowi\u0105zuje\"}]},{\"@type\":\"WebSite\",\"@id\":\"https:\/\/yoopies.pl\/c\/#website\",\"url\":\"https:\/\/yoopies.pl\/c\/\",\"name\":\"Yoopies Polska\",\"description\":\"\",\"publisher\":{\"@id\":\"https:\/\/yoopies.pl\/c\/#organization\"},\"potentialAction\":[{\"@type\":\"SearchAction\",\"target\":{\"@type\":\"EntryPoint\",\"urlTemplate\":\"https:\/\/yoopies.pl\/c\/?s={search_term_string}\"},\"query-input\":{\"@type\":\"PropertyValueSpecification\",\"valueRequired\":true,\"valueName\":\"search_term_string\"}}],\"inLanguage\":\"pl-PL\"},{\"@type\":\"Organization\",\"@id\":\"https:\/\/yoopies.pl\/c\/#organization\",\"name\":\"Yoopies Polska\",\"url\":\"https:\/\/yoopies.pl\/c\/\",\"logo\":{\"@type\":\"ImageObject\",\"inLanguage\":\"pl-PL\",\"@id\":\"https:\/\/yoopies.pl\/c\/#\/schema\/logo\/image\/\",\"url\":\"https:\/\/yoopies.pl\/c\/wp-content\/uploads\/sites\/2\/2025\/04\/cropped-Logo_Yoopies-2.png\",\"contentUrl\":\"https:\/\/yoopies.pl\/c\/wp-content\/uploads\/sites\/2\/2025\/04\/cropped-Logo_Yoopies-2.png\",\"width\":512,\"height\":512,\"caption\":\"Yoopies Polska\"},\"image\":{\"@id\":\"https:\/\/yoopies.pl\/c\/#\/schema\/logo\/image\/\"}}]}<\/script>\n<!-- \/ Yoast SEO plugin. -->","yoast_head_json":{"title":"Emerytura - wniosek, minimalna wysoko\u015b\u0107 2023","description":"Sprawd\u017a, ile wynosi emerytura w 2023 roku, czym jest emerytura sta\u017cowa i kogo obowi\u0105zuje. Jakie dokumenty z\u0142o\u017cy\u0107, aby otrzyma\u0107 \u015bwiadczenie emerytalne w 2023 roku?","robots":{"index":"index","follow":"follow","max-snippet":"max-snippet:-1","max-image-preview":"max-image-preview:large","max-video-preview":"max-video-preview:-1"},"canonical":"https:\/\/yoopies.pl\/c\/emerytura\/","og_locale":"pl_PL","og_type":"article","og_title":"Emerytura - wniosek, minimalna wysoko\u015b\u0107 2023","og_description":"Sprawd\u017a, ile wynosi emerytura w 2023 roku, czym jest emerytura sta\u017cowa i kogo obowi\u0105zuje. Jakie dokumenty z\u0142o\u017cy\u0107, aby otrzyma\u0107 \u015bwiadczenie emerytalne w 2023 roku?","og_url":"https:\/\/yoopies.pl\/c\/emerytura\/","og_site_name":"Yoopies Polska","article_modified_time":"2025-03-27T08:57:05+00:00","og_image":[{"url":"https:\/\/images.prismic.io\/yoopies-cms\/c0ee3473-f266-4bde-837f-a6beca4a9466_Najlepsze+opiekunki+do+znalezienia+na+Yoopies+%286%29.png?auto=compress,format","type":"","width":"","height":""}],"twitter_card":"summary_large_image","twitter_misc":{"Szacowany czas czytania":"4 minuty"},"schema":{"@context":"https:\/\/schema.org","@graph":[{"@type":"WebPage","@id":"https:\/\/yoopies.pl\/c\/emerytura\/","url":"https:\/\/yoopies.pl\/c\/emerytura\/","name":"Emerytura - wniosek, minimalna wysoko\u015b\u0107 2023","isPartOf":{"@id":"https:\/\/yoopies.pl\/c\/#website"},"primaryImageOfPage":{"@id":"https:\/\/yoopies.pl\/c\/emerytura\/#primaryimage"},"image":{"@id":"https:\/\/yoopies.pl\/c\/emerytura\/#primaryimage"},"thumbnailUrl":"https:\/\/images.prismic.io\/yoopies-cms\/c0ee3473-f266-4bde-837f-a6beca4a9466_Najlepsze+opiekunki+do+znalezienia+na+Yoopies+%286%29.png?auto=compress,format","datePublished":"2023-06-20T09:44:34+00:00","dateModified":"2025-03-27T08:57:05+00:00","description":"Sprawd\u017a, ile wynosi emerytura w 2023 roku, czym jest emerytura sta\u017cowa i kogo obowi\u0105zuje. Jakie dokumenty z\u0142o\u017cy\u0107, aby otrzyma\u0107 \u015bwiadczenie emerytalne w 2023 roku?","breadcrumb":{"@id":"https:\/\/yoopies.pl\/c\/emerytura\/#breadcrumb"},"inLanguage":"pl-PL","potentialAction":[{"@type":"ReadAction","target":["https:\/\/yoopies.pl\/c\/emerytura\/"]}]},{"@type":"ImageObject","inLanguage":"pl-PL","@id":"https:\/\/yoopies.pl\/c\/emerytura\/#primaryimage","url":"https:\/\/images.prismic.io\/yoopies-cms\/c0ee3473-f266-4bde-837f-a6beca4a9466_Najlepsze+opiekunki+do+znalezienia+na+Yoopies+%286%29.png?auto=compress,format","contentUrl":"https:\/\/images.prismic.io\/yoopies-cms\/c0ee3473-f266-4bde-837f-a6beca4a9466_Najlepsze+opiekunki+do+znalezienia+na+Yoopies+%286%29.png?auto=compress,format"},{"@type":"BreadcrumbList","@id":"https:\/\/yoopies.pl\/c\/emerytura\/#breadcrumb","itemListElement":[{"@type":"ListItem","position":1,"name":"Home","item":"https:\/\/yoopies.pl\/c\/"},{"@type":"ListItem","position":2,"name":"Emerytura &#8211; informacja o \u015bwiadczeniu emerytalnym w 2023 roku, ile wynosi minimalna emerytura, czym jest sta\u017cowe i kogo obowi\u0105zuje"}]},{"@type":"WebSite","@id":"https:\/\/yoopies.pl\/c\/#website","url":"https:\/\/yoopies.pl\/c\/","name":"Yoopies Polska","description":"","publisher":{"@id":"https:\/\/yoopies.pl\/c\/#organization"},"potentialAction":[{"@type":"SearchAction","target":{"@type":"EntryPoint","urlTemplate":"https:\/\/yoopies.pl\/c\/?s={search_term_string}"},"query-input":{"@type":"PropertyValueSpecification","valueRequired":true,"valueName":"search_term_string"}}],"inLanguage":"pl-PL"},{"@type":"Organization","@id":"https:\/\/yoopies.pl\/c\/#organization","name":"Yoopies Polska","url":"https:\/\/yoopies.pl\/c\/","logo":{"@type":"ImageObject","inLanguage":"pl-PL","@id":"https:\/\/yoopies.pl\/c\/#\/schema\/logo\/image\/","url":"https:\/\/yoopies.pl\/c\/wp-content\/uploads\/sites\/2\/2025\/04\/cropped-Logo_Yoopies-2.png","contentUrl":"https:\/\/yoopies.pl\/c\/wp-content\/uploads\/sites\/2\/2025\/04\/cropped-Logo_Yoopies-2.png","width":512,"height":512,"caption":"Yoopies Polska"},"image":{"@id":"https:\/\/yoopies.pl\/c\/#\/schema\/logo\/image\/"}}]}},"_links":{"self":[{"href":"https:\/\/yoopies.pl\/c\/wp-json\/wp\/v2\/pages\/43","targetHints":{"allow":["GET"]}}],"collection":[{"href":"https:\/\/yoopies.pl\/c\/wp-json\/wp\/v2\/pages"}],"about":[{"href":"https:\/\/yoopies.pl\/c\/wp-json\/wp\/v2\/types\/page"}],"replies":[{"embeddable":true,"href":"https:\/\/yoopies.pl\/c\/wp-json\/wp\/v2\/comments?post=43"}],"version-history":[{"count":1,"href":"https:\/\/yoopies.pl\/c\/wp-json\/wp\/v2\/pages\/43\/revisions"}],"predecessor-version":[{"id":44,"href":"https:\/\/yoopies.pl\/c\/wp-json\/wp\/v2\/pages\/43\/revisions\/44"}],"wp:attachment":[{"href":"https:\/\/yoopies.pl\/c\/wp-json\/wp\/v2\/media?parent=43"}],"curies":[{"name":"wp","href":"https:\/\/api.w.org\/{rel}","templated":true}]}}