{"id":47,"date":"2023-05-25T10:05:52","date_gmt":"2023-05-25T10:05:52","guid":{"rendered":"https:\/\/blog.yoopies.pl\/alzheimer\/"},"modified":"2025-03-27T08:57:06","modified_gmt":"2025-03-27T08:57:06","slug":"alzheimer","status":"publish","type":"page","link":"https:\/\/yoopies.pl\/c\/alzheimer\/","title":{"rendered":"Alzheimer, czym jest choroba Alzheimera, jakie s\u0105 jej przyczyny, etapy i wczesne objawy."},"content":{"rendered":"<p><h2>Czym jest Alzheimer?<\/h2>\n<p>Alzheimer jest jedn\u0105 z chor&oacute;b neurodegeneracyjnych, kt&oacute;ra powoduje stopniow\u0105 utrat\u0119 funkcji poznawczych, takich jak: pami\u0119\u0107, zdolno\u015b\u0107 my\u015blenia, orientacja przestrzenna i umiej\u0119tno\u015bci werbalne. Choroba Alzheimera post\u0119puje stopniowo i zazwyczaj rozwija si\u0119 na przestrzeni wielu lat. Pocz\u0105tkowe objawy obejmuj\u0105 trudno\u015bci w zapami\u0119tywaniu nowych informacji, dezorientacj\u0119, problemy w koncentracji, utrat\u0119 umiej\u0119tno\u015bci werbalnych a tak\u017ce trudno\u015bci w wykonywaniu prostych czynno\u015bci.<\/p>\n<h3>Rodzaje choroby Alzheimera<\/h3>\n<ul>\n<li><strong>Choroba Alzheimera o wczesnym pocz\u0105tku<\/strong>, znana r&oacute;wnie\u017c jako wczesnoobjawowy Alzheimer stanowi form\u0119 choroby, kt&oacute;ra rozwija si\u0119 przed 65. rokiem \u017cycia. Ta posta\u0107 Alzheimera jest stosunkowo rzadko spotykana i stanowi oko\u0142o 5-10% wszystkich przypadk&oacute;w. Wczesny etap Alzheimera charakteryzuje si\u0119 stopniowym pogorszeniem funkcji poznawczych: pami\u0119ci, zdolno\u015bci werbalnych, orientacji w terenie lub zdolno\u015bci do podejmowania decyzji;<\/li>\n<li><strong>Choroba Alzheimera o p&oacute;\u017anym pocz\u0105tku<\/strong>, nazywana r&oacute;wnie\u017c typowym Alzheimerem jest najcz\u0119\u015bciej spotykan\u0105 form\u0105 choroby, kt&oacute;ra zazwyczaj pojawia si\u0119 po 65. roku \u017cycia. P&oacute;\u017any pocz\u0105tek Alzheimera charakteryzuje si\u0119 trudno\u015bci\u0105 w zapami\u0119tywaniu nowych informacji, dezorientacj\u0105 oraz trudno\u015bciami w wykonywaniu codziennych czynno\u015bci.\n<\/li>\n<\/ul>\n<p><a class=\"button\" href=\"https:\/\/yoopies.pl\/opieka-seniora\">Szukam opiekuna dla osoby starszej<\/a><\/p>\n<p><h2>Alzheimer a demencja<\/h2>\n<p>Demencja pochodzi od \u0142aci\u0144skiego s\u0142owa <em>dementia,<\/em> kt&oacute;re oznacza &#8222;szale\u0144stwo&#8221;, i obecnie rozumiana jest jako schorzenie, w kt&oacute;rego przebiegu u danej osoby dochodzi do obni\u017cenia sprawno\u015bci umys\u0142owej i zmniejszenia funkcji poznawczych: pami\u0119ci, rozumienia, my\u015blenia. Demencja jest og&oacute;lnym terminem okre\u015blaj\u0105cym grup\u0119 zaburze\u0144 neurologicznych, do kt&oacute;rych zalicza si\u0119 tak\u017ce choroba Alzheimera. Pozosta\u0142e przyczyny demencji to m.in.: choroba naczyniowa m&oacute;zgu, choroba Parkinsona, choroba cia\u0142a Lewy&#8217;ego, choroba Picka, choroba Huntingtona.<\/p>\n<p>Ka\u017cdy rodzaj demencji ma swoje unikalne objawy, przebieg i rozw&oacute;j, w przypadku podejrzenia demencji konieczna jest konsultacja lekarska, podczas kt&oacute;rej lekarz przeprowadzi odpowiednie badania i zaleci opiek\u0119 oraz spos&oacute;b zarz\u0105dzania chorob\u0105.<\/p>\n<p class=\"block-img\"><img decoding=\"async\" src=\"https:\/\/images.prismic.io\/yoopies-cms\/19abd92b-4946-47f5-9088-57c3da52c1cb_Z+K%C4%85cika+Mamy.png?auto=compress,format\" alt=\"Osoba chora na Alzheimera\"><\/p>\n<h2>Przyczyny choroby Alzheimera<\/h2>\n<p>Przyczyny choroby Alzheimera nie s\u0105 do ko\u0144ca znane, jednak istnieje kilka czynnik&oacute;w, kt&oacute;re s\u0105 uwa\u017cane za potencjalne przyczyny rozwoju choroby.<\/p>\n<ul>\n<li>Zmiany zachodz\u0105ce w m&oacute;zgu chorej osoby. W czasie rozwoju choroby Alzheimera w m&oacute;zgu wyst\u0119puj\u0105 charakterystyczne zmiany o pod\u0142o\u017cu patologicznym, takie jak gromadzenie si\u0119 z\u0142og&oacute;w beta-amyloidu. Zmiany prowadz\u0105 do uszkodze\u0144 w kom&oacute;rkach nerwowych oraz zak\u0142&oacute;ce\u0144 w przesy\u0142aniu sygna\u0142&oacute;w mi\u0119dzy nimi, a tym samym utracie pami\u0119ci i zdolno\u015bci poznawczych;<\/li>\n<li>Czynniki genetyczne, oko\u0142o 5% przypadk&oacute;w choroby ma pod\u0142o\u017ce genetyczne. Mutacje w genach APP, PSEN1 i PSEN2 mog\u0105 prowadzi\u0107 do dziedziczenia choroby Alzheimera;<\/li>\n<li>Wiek jest jednym z najwi\u0119kszych czynnik&oacute;w ryzyka choroby Alzheimera. Najwi\u0119ksza liczba przypadk&oacute;w choroby rozwija si\u0119 u os&oacute;b po 65. roku \u017cycia;<\/li>\n<li>Czynniki \u015brodowiskowe, takie jak d\u0142ugotrwa\u0142y stres, palenie tytoniu, nadu\u017cywanie alkoholu, oty\u0142o\u015b\u0107, wysokie ci\u015bnienie krwi;<\/li>\n<li>Choroby wsp&oacute;\u0142istniej\u0105ce.<\/li>\n<\/ul>\n<p>Co jest warte zaznaczenia, to \u017ce wiele z czynnik&oacute;w mo\u017ce wp\u0142ywa\u0107 na rozw&oacute;j choroby Alzheimera, jednak nie oznacza to, \u017ce osoba nimi obci\u0105\u017cona na pewno zachoruje. Obecnie Alzheimer jest rozumiany jako choroba o pod\u0142o\u017cu zbyt z\u0142o\u017conym, by m&oacute;c w jednoznaczny spos&oacute;b odpowiedzie\u0107, kiedy i kto ze 100% prawdopodobie\u0144stwem jest zagro\u017conym rozwojem choroby. Swoje podejrzenia co do rozwoju oraz ewentualnych czynnik&oacute;w ryzyka warto skonsultowa\u0107 z lekarzem, kt&oacute;ry mo\u017ce przeprowadzi\u0107 odpowiednie badania oraz dostarczy informacji na temat indywidualnego ryzyka.<\/p>\n<h3>Alzheimer dziedziczenie<\/h3>\n<p>Istniej\u0105 dwa g\u0142&oacute;wne typu dziedziczenia choroby Alzheimera:<\/p>\n<ul>\n<li>dziedziczenie sporadyczne, kt&oacute;re wyst\u0119puje w wi\u0119kszo\u015bci przypadk&oacute;w os&oacute;b dotkni\u0119tych chorob\u0105. W&oacute;wczas choroba rozwija si\u0119 w wyniku skomplikowanego powi\u0105zania wielu czynnik&oacute;w, w tym czynnik&oacute;w genetycznych, \u015brodowiskowych oraz stylu \u017cycia.<\/li>\n<li>dziedziczenie rodzinne, za kt&oacute;re odpowiada oko\u0142o 5% wszystkich przypadk&oacute;w choroby Alzheimera. Mutacje w genach APP, PSEN1 i PSEN2 odpowiadaj\u0105 za zwi\u0119kszone ryzyko rozwoju choroby w m\u0142odym wieku.<\/li>\n<\/ul>\n<p>Co warto mie\u0107 na uwadze, to fakt, \u017ce dziedziczenie genetyczne nie oznacza pewnego wyst\u0105pienia choroby a jedynie pojawienie si\u0119 mutacji genetycznej. Nawet w przypadku odziedziczenia mutacji powi\u0105zanej z chorob\u0105 Alzheimera, nie ma pewno\u015b\u0107 jej rozwoju.<\/p>\n<h2>Objawy choroby Alzheimera<\/h2>\n<p>Do g\u0142&oacute;wnych objaw&oacute;w choroby Alzheimera nale\u017c\u0105 przede wszystkim: problemy z pami\u0119ci\u0105, trudno\u015bci w zapami\u0119tywaniu nowych informacji oraz przypominaniu sobie niedawnych wydarze\u0144, imion, dat lub utrzymania ci\u0105g\u0142o\u015bci wydarze\u0144 i my\u015bli. Kolejnym z objaw&oacute;w s\u0105 zaburzenia poznawcze, kt&oacute;re maj\u0105 wp\u0142yw na my\u015blenie abstrakcyjne, rozwi\u0105zywanie problem&oacute;w oraz planowanie, osoba dotkni\u0119ta chorob\u0105 ma wi\u0119ksze k\u0142opoty w utrzymywaniu p\u0142ynno\u015bci w rozmowie lub tworzeniem zda\u0144. Trudno\u015bci w orientacji przestrzennej i czasowej prowadz\u0105 do k\u0142opot&oacute;w w odnalezieniu si\u0119 w danym miejscu lub okre\u015bleniu godziny lub daty. Zmiany nastroju pojawiaj\u0105 si\u0119 stosunkowo cz\u0119sto, osoba dotkni\u0119ta chorob\u0105 Alzheimera staje si\u0119 dra\u017cliwa, popada w niepok&oacute;j lub depresj\u0119, ma <a href=\"https:\/\/yoopies.pl\/c\/zaburzenia-snu\">zaburzenia snu<\/a> i odnotowuje coraz wi\u0119ksze problemy z wykonywaniem codziennych czynno\u015bci, takich jak: ubieranie si\u0119, gotowanie, sprz\u0105tanie.<\/p>\n<h3>Wczesne objawy choroby Alzheimera<\/h3>\n<p>Wczesne objawy choroby mog\u0105 by\u0107 stosunkowo trudne do zidentyfikowania i \u0142atwe do przeoczenia. Do objaw&oacute;w, kt&oacute;re pojawiaj\u0105 si\u0119 najwcze\u015bniej nale\u017c\u0105:<\/p>\n<ul>\n<li>problemy z pami\u0119ci\u0105 kr&oacute;tkotrwa\u0142\u0105;<\/li>\n<li>trudno\u015bci w planowaniu i podejmowaniu decyzji;<\/li>\n<li>trudno\u015bci z orientacj\u0105 przestrzenn\u0105 i czasow\u0105;<\/li>\n<li>zmiany nastroju;<\/li>\n<li>zaburzenia mowy.<\/li>\n<\/ul>\n<p>Warto pami\u0119ta\u0107, \u017ce wczesne objawy choroby Alzheimera mog\u0105 przebiega\u0107 w spos&oacute;b \u0142agodny i trudny do rozpoznania. Ich wyst\u0105pienie niekoniecznie oznacza pojawienie si\u0119 choroby, a mo\u017ce by\u0107 zwi\u0105zane z innym czynnikiem, np. brakiem odpowiedniej ilo\u015bci snu, chwilow\u0105 <a href=\"https:\/\/yoopies.pl\/c\/zaburzenia-snu\/bezsennosc\">bezsenno\u015bci\u0105<\/a>, problemami \u017cywieniowymi.<\/p>\n<h3>Nag\u0142e pogorszenie choroby Alzheimera<\/h3>\n<p>Pogorszenie choroby Alzheimera mo\u017ce mie\u0107 zwi\u0105zek z przebytymi infekcjami, stanami zapalnymi, urazami g\u0142owy lub zmianami w przyjmowanych lekach. Na nag\u0142e pogorszenie mo\u017ce mie\u0107 tak\u017ce wp\u0142yw stres oraz zmiany w otoczeniu osoby chorej.<\/p>\n<h2>Sposoby leczenia choroby Alzheimera<\/h2>\n<p>Obecnie nie ma lekarstwa, kt&oacute;re mog\u0142oby powstrzyma\u0107 chorob\u0119 Alzheimera, jednak istniej\u0105 sposoby maj\u0105ce na celu wstrzymanie rozwoju lub zarz\u0105dzenie objawami choroby. Do najcz\u0119\u015bciej stosowanych metod nale\u017c\u0105:<\/p>\n<ul>\n<li>leki przeciwdemencyjne, kt&oacute;rych zadaniem jest poprawa funkcji poznawczych i zarz\u0105dzanie objawami choroby;<\/li>\n<li>opieka nad pacjentem. Zapewnienie odpowiedniej opieki tj. jako\u015bci \u017cycia, wsparcia i organizacji \u017cycia codziennego;<\/li>\n<li>terapia behawioralna i zaj\u0119ciowa, kt&oacute;re pomagaj\u0105 w poprawie komunikacji oraz radzeniu sobie w utrzymaniu prawid\u0142owej jako\u015bci \u017cycia;<\/li>\n<li>wsparcie spo\u0142eczne, do\u0142\u0105czenie do grup wsparcia os&oacute;b z chorob\u0105 Alzheimera;<\/li>\n<li>trening pami\u0119ci i orientacji w rzeczywisto\u015bci;<\/li>\n<li>utrwalanie danych poprzez codzienn\u0105 nauk\u0119.<\/li>\n<\/ul>\n<h3>Najnowsze metody leczenia Alzheimera<\/h3>\n<p>Badania nad leczeniem choroby Alzheimera s\u0105 prowadzone na ca\u0142ym \u015bwiecie, naukowcy poszukuj\u0105 metod i terapii mog\u0105cych op&oacute;\u017ani\u0107 rozw&oacute;j choroby lub jej ca\u0142kowite wstrzymanie. Najnowsze metody obejmuj\u0105 terapie immunologiczne, takie jak szczepionki bia\u0142kowe, terapie genowe w celu modyfikacji genetycznej kom&oacute;rek m&oacute;zgowych, terapie oparte na biomarkerach oraz te zwi\u0105zane z mikroflor\u0105 jelitow\u0105.<\/p>\n<p>Wi\u0119kszo\u015b\u0107 powy\u017cszych metod leczenia wci\u0105\u017c znajduje si\u0119 w fazie bada\u0144 eksperymentalnych i nie jest dost\u0119pna jako standard w leczeniu choroby. Dalsze badania nad konkretnymi sposobami maj\u0105 oceni\u0107 ich skuteczno\u015b\u0107, potencjalne korzy\u015bci, a przede wszystkim bezpiecze\u0144stwo pacjent&oacute;w.<\/p><\/p>\n","protected":false},"excerpt":{"rendered":"<p>Czym jest Alzheimer? Alzheimer jest jedn\u0105 z chor&oacute;b neurodegeneracyjnych, kt&oacute;ra powoduje stopniow\u0105 utrat\u0119 funkcji poznawczych, &hellip; <\/p>\n","protected":false},"author":0,"featured_media":0,"parent":0,"menu_order":0,"comment_status":"closed","ping_status":"closed","template":"","meta":{"_acf_changed":false,"footnotes":""},"class_list":["post-47","page","type-page","status-publish","hentry"],"acf":[],"yoast_head":"<!-- This site is optimized with the Yoast SEO plugin v26.9 - https:\/\/yoast.com\/product\/yoast-seo-wordpress\/ -->\n<title>Choroba Alzheimera - przyczyny, objawy, leczenie<\/title>\n<meta name=\"description\" content=\"Sprawd\u017a, czym jest Alzheimer, jakie s\u0105 przyczyny, objawy i sposoby leczenia. Jak wygl\u0105da Alzheimer w m\u0142odym wieku i jakie s\u0105 etapy choroby\" \/>\n<meta name=\"robots\" content=\"index, follow, max-snippet:-1, max-image-preview:large, max-video-preview:-1\" \/>\n<link rel=\"canonical\" href=\"https:\/\/yoopies.pl\/c\/alzheimer\/\" \/>\n<meta property=\"og:locale\" content=\"pl_PL\" \/>\n<meta property=\"og:type\" content=\"article\" \/>\n<meta property=\"og:title\" content=\"Choroba Alzheimera - przyczyny, objawy, leczenie\" \/>\n<meta property=\"og:description\" content=\"Sprawd\u017a, czym jest Alzheimer, jakie s\u0105 przyczyny, objawy i sposoby leczenia. Jak wygl\u0105da Alzheimer w m\u0142odym wieku i jakie s\u0105 etapy choroby\" \/>\n<meta property=\"og:url\" content=\"https:\/\/yoopies.pl\/c\/alzheimer\/\" \/>\n<meta property=\"og:site_name\" content=\"Yoopies Polska\" \/>\n<meta property=\"article:modified_time\" content=\"2025-03-27T08:57:06+00:00\" \/>\n<meta property=\"og:image\" content=\"https:\/\/images.prismic.io\/yoopies-cms\/19abd92b-4946-47f5-9088-57c3da52c1cb_Z+K%C4%85cika+Mamy.png?auto=compress,format\" \/>\n<meta name=\"twitter:card\" content=\"summary_large_image\" \/>\n<meta name=\"twitter:label1\" content=\"Szacowany czas czytania\" \/>\n\t<meta name=\"twitter:data1\" content=\"6 minut\" \/>\n<script type=\"application\/ld+json\" class=\"yoast-schema-graph\">{\"@context\":\"https:\/\/schema.org\",\"@graph\":[{\"@type\":\"WebPage\",\"@id\":\"https:\/\/yoopies.pl\/c\/alzheimer\/\",\"url\":\"https:\/\/yoopies.pl\/c\/alzheimer\/\",\"name\":\"Choroba Alzheimera - przyczyny, objawy, leczenie\",\"isPartOf\":{\"@id\":\"https:\/\/yoopies.pl\/c\/#website\"},\"primaryImageOfPage\":{\"@id\":\"https:\/\/yoopies.pl\/c\/alzheimer\/#primaryimage\"},\"image\":{\"@id\":\"https:\/\/yoopies.pl\/c\/alzheimer\/#primaryimage\"},\"thumbnailUrl\":\"https:\/\/images.prismic.io\/yoopies-cms\/19abd92b-4946-47f5-9088-57c3da52c1cb_Z+K%C4%85cika+Mamy.png?auto=compress,format\",\"datePublished\":\"2023-05-25T10:05:52+00:00\",\"dateModified\":\"2025-03-27T08:57:06+00:00\",\"description\":\"Sprawd\u017a, czym jest Alzheimer, jakie s\u0105 przyczyny, objawy i sposoby leczenia. Jak wygl\u0105da Alzheimer w m\u0142odym wieku i jakie s\u0105 etapy choroby\",\"breadcrumb\":{\"@id\":\"https:\/\/yoopies.pl\/c\/alzheimer\/#breadcrumb\"},\"inLanguage\":\"pl-PL\",\"potentialAction\":[{\"@type\":\"ReadAction\",\"target\":[\"https:\/\/yoopies.pl\/c\/alzheimer\/\"]}]},{\"@type\":\"ImageObject\",\"inLanguage\":\"pl-PL\",\"@id\":\"https:\/\/yoopies.pl\/c\/alzheimer\/#primaryimage\",\"url\":\"https:\/\/images.prismic.io\/yoopies-cms\/19abd92b-4946-47f5-9088-57c3da52c1cb_Z+K%C4%85cika+Mamy.png?auto=compress,format\",\"contentUrl\":\"https:\/\/images.prismic.io\/yoopies-cms\/19abd92b-4946-47f5-9088-57c3da52c1cb_Z+K%C4%85cika+Mamy.png?auto=compress,format\"},{\"@type\":\"BreadcrumbList\",\"@id\":\"https:\/\/yoopies.pl\/c\/alzheimer\/#breadcrumb\",\"itemListElement\":[{\"@type\":\"ListItem\",\"position\":1,\"name\":\"Home\",\"item\":\"https:\/\/yoopies.pl\/c\/\"},{\"@type\":\"ListItem\",\"position\":2,\"name\":\"Alzheimer, czym jest choroba Alzheimera, jakie s\u0105 jej przyczyny, etapy i wczesne objawy.\"}]},{\"@type\":\"WebSite\",\"@id\":\"https:\/\/yoopies.pl\/c\/#website\",\"url\":\"https:\/\/yoopies.pl\/c\/\",\"name\":\"Yoopies Polska\",\"description\":\"\",\"publisher\":{\"@id\":\"https:\/\/yoopies.pl\/c\/#organization\"},\"potentialAction\":[{\"@type\":\"SearchAction\",\"target\":{\"@type\":\"EntryPoint\",\"urlTemplate\":\"https:\/\/yoopies.pl\/c\/?s={search_term_string}\"},\"query-input\":{\"@type\":\"PropertyValueSpecification\",\"valueRequired\":true,\"valueName\":\"search_term_string\"}}],\"inLanguage\":\"pl-PL\"},{\"@type\":\"Organization\",\"@id\":\"https:\/\/yoopies.pl\/c\/#organization\",\"name\":\"Yoopies Polska\",\"url\":\"https:\/\/yoopies.pl\/c\/\",\"logo\":{\"@type\":\"ImageObject\",\"inLanguage\":\"pl-PL\",\"@id\":\"https:\/\/yoopies.pl\/c\/#\/schema\/logo\/image\/\",\"url\":\"https:\/\/yoopies.pl\/c\/wp-content\/uploads\/sites\/2\/2025\/04\/cropped-Logo_Yoopies-2.png\",\"contentUrl\":\"https:\/\/yoopies.pl\/c\/wp-content\/uploads\/sites\/2\/2025\/04\/cropped-Logo_Yoopies-2.png\",\"width\":512,\"height\":512,\"caption\":\"Yoopies Polska\"},\"image\":{\"@id\":\"https:\/\/yoopies.pl\/c\/#\/schema\/logo\/image\/\"}}]}<\/script>\n<!-- \/ Yoast SEO plugin. -->","yoast_head_json":{"title":"Choroba Alzheimera - przyczyny, objawy, leczenie","description":"Sprawd\u017a, czym jest Alzheimer, jakie s\u0105 przyczyny, objawy i sposoby leczenia. Jak wygl\u0105da Alzheimer w m\u0142odym wieku i jakie s\u0105 etapy choroby","robots":{"index":"index","follow":"follow","max-snippet":"max-snippet:-1","max-image-preview":"max-image-preview:large","max-video-preview":"max-video-preview:-1"},"canonical":"https:\/\/yoopies.pl\/c\/alzheimer\/","og_locale":"pl_PL","og_type":"article","og_title":"Choroba Alzheimera - przyczyny, objawy, leczenie","og_description":"Sprawd\u017a, czym jest Alzheimer, jakie s\u0105 przyczyny, objawy i sposoby leczenia. Jak wygl\u0105da Alzheimer w m\u0142odym wieku i jakie s\u0105 etapy choroby","og_url":"https:\/\/yoopies.pl\/c\/alzheimer\/","og_site_name":"Yoopies Polska","article_modified_time":"2025-03-27T08:57:06+00:00","og_image":[{"url":"https:\/\/images.prismic.io\/yoopies-cms\/19abd92b-4946-47f5-9088-57c3da52c1cb_Z+K%C4%85cika+Mamy.png?auto=compress,format","type":"","width":"","height":""}],"twitter_card":"summary_large_image","twitter_misc":{"Szacowany czas czytania":"6 minut"},"schema":{"@context":"https:\/\/schema.org","@graph":[{"@type":"WebPage","@id":"https:\/\/yoopies.pl\/c\/alzheimer\/","url":"https:\/\/yoopies.pl\/c\/alzheimer\/","name":"Choroba Alzheimera - przyczyny, objawy, leczenie","isPartOf":{"@id":"https:\/\/yoopies.pl\/c\/#website"},"primaryImageOfPage":{"@id":"https:\/\/yoopies.pl\/c\/alzheimer\/#primaryimage"},"image":{"@id":"https:\/\/yoopies.pl\/c\/alzheimer\/#primaryimage"},"thumbnailUrl":"https:\/\/images.prismic.io\/yoopies-cms\/19abd92b-4946-47f5-9088-57c3da52c1cb_Z+K%C4%85cika+Mamy.png?auto=compress,format","datePublished":"2023-05-25T10:05:52+00:00","dateModified":"2025-03-27T08:57:06+00:00","description":"Sprawd\u017a, czym jest Alzheimer, jakie s\u0105 przyczyny, objawy i sposoby leczenia. Jak wygl\u0105da Alzheimer w m\u0142odym wieku i jakie s\u0105 etapy choroby","breadcrumb":{"@id":"https:\/\/yoopies.pl\/c\/alzheimer\/#breadcrumb"},"inLanguage":"pl-PL","potentialAction":[{"@type":"ReadAction","target":["https:\/\/yoopies.pl\/c\/alzheimer\/"]}]},{"@type":"ImageObject","inLanguage":"pl-PL","@id":"https:\/\/yoopies.pl\/c\/alzheimer\/#primaryimage","url":"https:\/\/images.prismic.io\/yoopies-cms\/19abd92b-4946-47f5-9088-57c3da52c1cb_Z+K%C4%85cika+Mamy.png?auto=compress,format","contentUrl":"https:\/\/images.prismic.io\/yoopies-cms\/19abd92b-4946-47f5-9088-57c3da52c1cb_Z+K%C4%85cika+Mamy.png?auto=compress,format"},{"@type":"BreadcrumbList","@id":"https:\/\/yoopies.pl\/c\/alzheimer\/#breadcrumb","itemListElement":[{"@type":"ListItem","position":1,"name":"Home","item":"https:\/\/yoopies.pl\/c\/"},{"@type":"ListItem","position":2,"name":"Alzheimer, czym jest choroba Alzheimera, jakie s\u0105 jej przyczyny, etapy i wczesne objawy."}]},{"@type":"WebSite","@id":"https:\/\/yoopies.pl\/c\/#website","url":"https:\/\/yoopies.pl\/c\/","name":"Yoopies Polska","description":"","publisher":{"@id":"https:\/\/yoopies.pl\/c\/#organization"},"potentialAction":[{"@type":"SearchAction","target":{"@type":"EntryPoint","urlTemplate":"https:\/\/yoopies.pl\/c\/?s={search_term_string}"},"query-input":{"@type":"PropertyValueSpecification","valueRequired":true,"valueName":"search_term_string"}}],"inLanguage":"pl-PL"},{"@type":"Organization","@id":"https:\/\/yoopies.pl\/c\/#organization","name":"Yoopies Polska","url":"https:\/\/yoopies.pl\/c\/","logo":{"@type":"ImageObject","inLanguage":"pl-PL","@id":"https:\/\/yoopies.pl\/c\/#\/schema\/logo\/image\/","url":"https:\/\/yoopies.pl\/c\/wp-content\/uploads\/sites\/2\/2025\/04\/cropped-Logo_Yoopies-2.png","contentUrl":"https:\/\/yoopies.pl\/c\/wp-content\/uploads\/sites\/2\/2025\/04\/cropped-Logo_Yoopies-2.png","width":512,"height":512,"caption":"Yoopies Polska"},"image":{"@id":"https:\/\/yoopies.pl\/c\/#\/schema\/logo\/image\/"}}]}},"_links":{"self":[{"href":"https:\/\/yoopies.pl\/c\/wp-json\/wp\/v2\/pages\/47","targetHints":{"allow":["GET"]}}],"collection":[{"href":"https:\/\/yoopies.pl\/c\/wp-json\/wp\/v2\/pages"}],"about":[{"href":"https:\/\/yoopies.pl\/c\/wp-json\/wp\/v2\/types\/page"}],"replies":[{"embeddable":true,"href":"https:\/\/yoopies.pl\/c\/wp-json\/wp\/v2\/comments?post=47"}],"version-history":[{"count":1,"href":"https:\/\/yoopies.pl\/c\/wp-json\/wp\/v2\/pages\/47\/revisions"}],"predecessor-version":[{"id":48,"href":"https:\/\/yoopies.pl\/c\/wp-json\/wp\/v2\/pages\/47\/revisions\/48"}],"wp:attachment":[{"href":"https:\/\/yoopies.pl\/c\/wp-json\/wp\/v2\/media?parent=47"}],"curies":[{"name":"wp","href":"https:\/\/api.w.org\/{rel}","templated":true}]}}